{"id":204,"date":"2019-03-08T19:51:10","date_gmt":"2019-03-08T19:51:10","guid":{"rendered":"http:\/\/ferienwohnung-moehnesee-nacke.de\/?page_id=204"},"modified":"2019-03-28T22:53:11","modified_gmt":"2019-03-28T21:53:11","slug":"belegungsplan","status":"publish","type":"page","link":"https:\/\/www.haargaerten.de\/ferienwohnung-am-moehnesee\/belegungsplan\/","title":{"rendered":"Kalender \/ Verf\u00fcgbarkeit"},"content":{"rendered":"\n<p class=\"has-medium-font-size\">Gew\u00fcnschten Zeitraum antippen&#8230;. <\/p>\n\n\n\n<div class=\"wp-block-abc-shortcodes-single-calendar\">\n\t\t\t\t<div class=\"abc-singlecalendar\" data-checkin-69e45d03e7e9e=\"0\" data-offset-69e45d03e7e9e=\"0\" data-month-69e45d03e7e9e=\"0\" id=\"abc_singlecalendar_69e45d03e7e9e\">\n\t\t\t\t\t<div class=\"abc-box abc-single-row\">\n\t\t\t\t\t\t<div data-calendar=\"1\" data-id=\"69e45d03e7e9e\" class=\"abc-box abc-button abc-single-button-left\">\n\t\t\t\t\t\t\t<button class=\"fa fa-chevron-left abc-button-rl\"><\/button>\n\t\t\t\t\t\t<\/div>\n\t\t\t\t\t\t<div class=\"abc-box abc-month\">\n\t\t\t\t\t\t\t<img decoding=\"async\" alt=\"Wird geladen...\" src=\"https:\/\/www.haargaerten.de\/wp-admin\/images\/wpspin_light.gif\" class=\"waiting\" id=\"abc_single_loading-69e45d03e7e9e\" style=\"display:none\" \/><span id=\"singlecalendar-month-69e45d03e7e9e\">April 2026<\/span><\/div>\n\t\t\t\t\t\t\t<div data-calendar=\"1\" data-id=\"69e45d03e7e9e\" class=\"abc-box abc-button abc-single-button-right\">\n\t\t\t\t\t\t\t\t<button class=\"fa fa-chevron-right abc-button-rl\"><\/button>\n\t\t\t\t\t\t<\/div>\n\t\t\t\t\t<\/div>\n\t\t\t\t\t<div class=\"abc-box abc-single-row\">\n\t\t\t\t\t<div class=\"abc-box abc-col-day abc-dayname\">Mo<\/div>\n\t\t\t\t\t<div class=\"abc-box abc-col-day abc-dayname abc-dotted\">Di<\/div>\n\t\t\t\t\t<div class=\"abc-box abc-col-day abc-dayname abc-dotted\">Mi<\/div>\n\t\t\t\t\t<div class=\"abc-box abc-col-day abc-dayname abc-dotted\">Do<\/div>\n\t\t\t\t\t<div class=\"abc-box abc-col-day abc-dayname abc-dotted\">Fr<\/div>\n\t\t\t\t\t<div class=\"abc-box abc-col-day abc-dayname abc-dotted\">Sa<\/div>\n\t\t\t\t\t<div class=\"abc-box abc-col-day abc-dayname abc-dotted\">So<\/div>\n\t\t\t\t\t<\/div>\n\t\t\t\t\t<div id=\"abc-calendar-days-69e45d03e7e9e\">\n\t\t\t\t\t\t<div class=\"abc-box abc-single-row\"><div class=\"abc-box abc-col-day \">&nbsp;<\/div><div class=\"abc-box abc-col-day abc-dotted \">&nbsp;<\/div><div title=\"\" data-calendar=\"1\" data-id=\"69e45d03e7e9e\" data-date=\"2026-04-01\" class=\"abc-box abc-col-day abc-dotted abc-past abc-date-item \" id=\"abc-day-69e45d03e7e9e2026-04-01\">1<br \/><span class=\"abc-single-price\"><\/span><\/div><div title=\"\" data-calendar=\"1\" data-id=\"69e45d03e7e9e\" data-date=\"2026-04-02\" class=\"abc-box abc-col-day abc-dotted abc-past abc-date-item \" id=\"abc-day-69e45d03e7e9e2026-04-02\">2<br \/><span class=\"abc-single-price\"><\/span><\/div><div title=\"\" data-calendar=\"1\" data-id=\"69e45d03e7e9e\" data-date=\"2026-04-03\" class=\"abc-box abc-col-day abc-dotted abc-past abc-date-item \" id=\"abc-day-69e45d03e7e9e2026-04-03\">3<br \/><span class=\"abc-single-price\"><\/span><\/div><div title=\"\" data-calendar=\"1\" data-id=\"69e45d03e7e9e\" data-date=\"2026-04-04\" class=\"abc-box abc-col-day abc-dotted abc-past abc-date-item \" id=\"abc-day-69e45d03e7e9e2026-04-04\">4<br \/><span class=\"abc-single-price\"><\/span><\/div><div title=\"\" data-calendar=\"1\" data-id=\"69e45d03e7e9e\" data-date=\"2026-04-05\" class=\"abc-box abc-col-day abc-dotted abc-past abc-date-item \" id=\"abc-day-69e45d03e7e9e2026-04-05\">5<br \/><span class=\"abc-single-price\"><\/span><\/div><\/div><div class=\"abc-box abc-single-row\"><div title=\"\" data-calendar=\"1\" data-id=\"69e45d03e7e9e\" data-date=\"2026-04-06\" class=\"abc-box abc-col-day abc-past abc-date-item \" id=\"abc-day-69e45d03e7e9e2026-04-06\">6<br \/><span class=\"abc-single-price\"><\/span><\/div><div title=\"\" data-calendar=\"1\" data-id=\"69e45d03e7e9e\" data-date=\"2026-04-07\" class=\"abc-box abc-col-day abc-dotted abc-past abc-date-item \" id=\"abc-day-69e45d03e7e9e2026-04-07\">7<br \/><span class=\"abc-single-price\"><\/span><\/div><div title=\"\" data-calendar=\"1\" data-id=\"69e45d03e7e9e\" data-date=\"2026-04-08\" class=\"abc-box abc-col-day abc-dotted abc-past abc-date-item \" id=\"abc-day-69e45d03e7e9e2026-04-08\">8<br \/><span class=\"abc-single-price\"><\/span><\/div><div title=\"\" data-calendar=\"1\" data-id=\"69e45d03e7e9e\" data-date=\"2026-04-09\" class=\"abc-box abc-col-day abc-dotted abc-past abc-date-item \" id=\"abc-day-69e45d03e7e9e2026-04-09\">9<br \/><span class=\"abc-single-price\"><\/span><\/div><div title=\"\" data-calendar=\"1\" data-id=\"69e45d03e7e9e\" data-date=\"2026-04-10\" class=\"abc-box abc-col-day abc-dotted abc-past abc-date-item \" id=\"abc-day-69e45d03e7e9e2026-04-10\">10<br \/><span class=\"abc-single-price\"><\/span><\/div><div title=\"\" data-calendar=\"1\" data-id=\"69e45d03e7e9e\" data-date=\"2026-04-11\" class=\"abc-box abc-col-day abc-dotted abc-past abc-date-item \" id=\"abc-day-69e45d03e7e9e2026-04-11\">11<br \/><span class=\"abc-single-price\"><\/span><\/div><div title=\"\" data-calendar=\"1\" data-id=\"69e45d03e7e9e\" data-date=\"2026-04-12\" class=\"abc-box abc-col-day abc-dotted abc-past abc-date-item \" id=\"abc-day-69e45d03e7e9e2026-04-12\">12<br \/><span class=\"abc-single-price\"><\/span><\/div><\/div><div class=\"abc-box abc-single-row\"><div title=\"\" data-calendar=\"1\" data-id=\"69e45d03e7e9e\" data-date=\"2026-04-13\" class=\"abc-box abc-col-day abc-past abc-date-item \" id=\"abc-day-69e45d03e7e9e2026-04-13\">13<br \/><span class=\"abc-single-price\"><\/span><\/div><div title=\"\" data-calendar=\"1\" data-id=\"69e45d03e7e9e\" data-date=\"2026-04-14\" class=\"abc-box abc-col-day abc-dotted abc-past abc-date-item \" id=\"abc-day-69e45d03e7e9e2026-04-14\">14<br \/><span class=\"abc-single-price\"><\/span><\/div><div title=\"\" data-calendar=\"1\" data-id=\"69e45d03e7e9e\" data-date=\"2026-04-15\" class=\"abc-box abc-col-day abc-dotted abc-past abc-date-item \" id=\"abc-day-69e45d03e7e9e2026-04-15\">15<br \/><span class=\"abc-single-price\"><\/span><\/div><div title=\"\" data-calendar=\"1\" data-id=\"69e45d03e7e9e\" data-date=\"2026-04-16\" class=\"abc-box abc-col-day abc-dotted abc-past abc-date-item \" id=\"abc-day-69e45d03e7e9e2026-04-16\">16<br \/><span class=\"abc-single-price\"><\/span><\/div><div title=\"\" data-calendar=\"1\" data-id=\"69e45d03e7e9e\" data-date=\"2026-04-17\" class=\"abc-box abc-col-day abc-dotted abc-past abc-date-item \" id=\"abc-day-69e45d03e7e9e2026-04-17\">17<br \/><span class=\"abc-single-price\"><\/span><\/div><div title=\"\" data-calendar=\"1\" data-id=\"69e45d03e7e9e\" data-date=\"2026-04-18\" class=\"abc-box abc-col-day abc-dotted abc-past abc-date-item \" id=\"abc-day-69e45d03e7e9e2026-04-18\">18<br \/><span class=\"abc-single-price\"><\/span><\/div><div title=\"Verf\u00fcgbar:\n19.04.2026: 75 \u20ac\" data-calendar=\"1\" data-id=\"69e45d03e7e9e\" data-date=\"2026-04-19\" class=\"abc-box abc-col-day abc-dotted abc-avail abc-date-selector abc-date-item \" id=\"abc-day-69e45d03e7e9e2026-04-19\">19<br \/><span class=\"abc-single-price\">75 \u20ac<\/span><\/div><\/div><div class=\"abc-box abc-single-row\"><div title=\"Verf\u00fcgbar:\n20.04.2026: 75 \u20ac\" data-calendar=\"1\" data-id=\"69e45d03e7e9e\" data-date=\"2026-04-20\" class=\"abc-box abc-col-day abc-avail abc-date-selector abc-date-item \" id=\"abc-day-69e45d03e7e9e2026-04-20\">20<br \/><span class=\"abc-single-price\">75 \u20ac<\/span><\/div><div title=\"Verf\u00fcgbar:\n21.04.2026: 75 \u20ac\" data-calendar=\"1\" data-id=\"69e45d03e7e9e\" data-date=\"2026-04-21\" class=\"abc-box abc-col-day abc-dotted abc-avail abc-date-selector abc-date-item \" id=\"abc-day-69e45d03e7e9e2026-04-21\">21<br \/><span class=\"abc-single-price\">75 \u20ac<\/span><\/div><div title=\"Verf\u00fcgbar:\n22.04.2026: 75 \u20ac\" data-calendar=\"1\" data-id=\"69e45d03e7e9e\" data-date=\"2026-04-22\" class=\"abc-box abc-col-day abc-dotted abc-avail abc-date-selector abc-date-item \" id=\"abc-day-69e45d03e7e9e2026-04-22\">22<br \/><span class=\"abc-single-price\">75 \u20ac<\/span><\/div><div title=\"Abreise\" data-calendar=\"1\" data-id=\"69e45d03e7e9e\" data-date=\"2026-04-23\" class=\"abc-box abc-col-day abc-dotted abc-avail-booked abc-date-selector abc-date-item \" id=\"abc-day-69e45d03e7e9e2026-04-23\">23<br \/><span class=\"abc-single-price\">&nbsp;<\/span><\/div><div title=\"Ausgebucht\" data-calendar=\"1\" data-id=\"69e45d03e7e9e\" data-date=\"2026-04-24\" class=\"abc-box abc-col-day abc-dotted abc-booked abc-date-item \" id=\"abc-day-69e45d03e7e9e2026-04-24\">24<br \/><span class=\"abc-single-price\">&nbsp;<\/span><\/div><div title=\"Ausgebucht\" data-calendar=\"1\" data-id=\"69e45d03e7e9e\" data-date=\"2026-04-25\" class=\"abc-box abc-col-day abc-dotted abc-booked abc-date-item \" id=\"abc-day-69e45d03e7e9e2026-04-25\">25<br \/><span class=\"abc-single-price\">&nbsp;<\/span><\/div><div title=\"Verf\u00fcgbar:\n26.04.2026: 75 \u20ac\" data-calendar=\"1\" data-id=\"69e45d03e7e9e\" data-date=\"2026-04-26\" class=\"abc-box abc-col-day abc-dotted abc-booked-avail abc-date-selector abc-date-item \" id=\"abc-day-69e45d03e7e9e2026-04-26\">26<br \/><span class=\"abc-single-price\">75 \u20ac<\/span><\/div><\/div><div class=\"abc-box abc-single-row\"><div title=\"Abreise\" data-calendar=\"1\" data-id=\"69e45d03e7e9e\" data-date=\"2026-04-27\" class=\"abc-box abc-col-day abc-avail-booked abc-date-selector abc-date-item \" id=\"abc-day-69e45d03e7e9e2026-04-27\">27<br \/><span class=\"abc-single-price\">&nbsp;<\/span><\/div><div title=\"Ausgebucht\" data-calendar=\"1\" data-id=\"69e45d03e7e9e\" data-date=\"2026-04-28\" class=\"abc-box abc-col-day abc-dotted abc-booked abc-date-item \" id=\"abc-day-69e45d03e7e9e2026-04-28\">28<br \/><span class=\"abc-single-price\">&nbsp;<\/span><\/div><div title=\"Ausgebucht\" data-calendar=\"1\" data-id=\"69e45d03e7e9e\" data-date=\"2026-04-29\" class=\"abc-box abc-col-day abc-dotted abc-booked abc-date-item \" id=\"abc-day-69e45d03e7e9e2026-04-29\">29<br \/><span class=\"abc-single-price\">&nbsp;<\/span><\/div><div title=\"Ausgebucht\" data-calendar=\"1\" data-id=\"69e45d03e7e9e\" data-date=\"2026-04-30\" class=\"abc-box abc-col-day abc-dotted abc-booked abc-date-item \" id=\"abc-day-69e45d03e7e9e2026-04-30\">30<br \/><span class=\"abc-single-price\">&nbsp;<\/span><\/div><\/div>\n\t\t\t\t\t<\/div><div id=\"abc-booking-69e45d03e7e9e\" class=\"abc-booking-selection\">\n\t\t\t\t\t<\/div>\n\t\t\t\t<\/div><\/div>\n\n\n\n<p><a href=\"https:\/\/www.haargaerten.de\/ferienwohnung-am-moehnesee\/\">Zur\u00fcck zur Ferienwohnung am M\u00f6hnesee<\/a><\/p>\n","protected":false},"excerpt":{"rendered":"<p>Gew\u00fcnschten Zeitraum antippen&#8230;. Zur\u00fcck zur Ferienwohnung am M\u00f6hnesee<\/p>\n","protected":false},"author":3,"featured_media":0,"parent":0,"menu_order":0,"comment_status":"closed","ping_status":"closed","template":"","meta":{"footnotes":""},"class_list":["post-204","page","type-page","status-publish","hentry"],"yoast_head":"<!-- This site is optimized with the Yoast SEO plugin v24.9 - https:\/\/yoast.com\/wordpress\/plugins\/seo\/ -->\n<title>Kalender \/ Verf\u00fcgbarkeit - Ferienwohnung In den Haarg\u00e4rten<\/title>\n<meta name=\"robots\" content=\"index, follow, max-snippet:-1, max-image-preview:large, max-video-preview:-1\" \/>\n<link rel=\"canonical\" href=\"https:\/\/www.haargaerten.de\/ferienwohnung-am-moehnesee\/belegungsplan\/\" \/>\n<meta property=\"og:locale\" content=\"de_DE\" \/>\n<meta property=\"og:type\" content=\"article\" \/>\n<meta property=\"og:title\" content=\"Kalender \/ Verf\u00fcgbarkeit - Ferienwohnung In den Haarg\u00e4rten\" \/>\n<meta property=\"og:description\" content=\"Gew\u00fcnschten Zeitraum antippen&#8230;. Zur\u00fcck zur Ferienwohnung am M\u00f6hnesee\" \/>\n<meta property=\"og:url\" content=\"https:\/\/www.haargaerten.de\/ferienwohnung-am-moehnesee\/belegungsplan\/\" \/>\n<meta property=\"og:site_name\" content=\"Ferienwohnung In den Haarg\u00e4rten\" \/>\n<meta property=\"article:modified_time\" content=\"2019-03-28T21:53:11+00:00\" \/>\n<meta name=\"twitter:card\" content=\"summary_large_image\" \/>\n<script type=\"application\/ld+json\" class=\"yoast-schema-graph\">{\"@context\":\"https:\/\/schema.org\",\"@graph\":[{\"@type\":\"WebPage\",\"@id\":\"https:\/\/www.haargaerten.de\/ferienwohnung-am-moehnesee\/belegungsplan\/\",\"url\":\"https:\/\/www.haargaerten.de\/ferienwohnung-am-moehnesee\/belegungsplan\/\",\"name\":\"Kalender \/ Verf\u00fcgbarkeit - Ferienwohnung In den Haarg\u00e4rten\",\"isPartOf\":{\"@id\":\"https:\/\/www.haargaerten.de\/ferienwohnung-am-moehnesee\/#website\"},\"datePublished\":\"2019-03-08T19:51:10+00:00\",\"dateModified\":\"2019-03-28T21:53:11+00:00\",\"breadcrumb\":{\"@id\":\"https:\/\/www.haargaerten.de\/ferienwohnung-am-moehnesee\/belegungsplan\/#breadcrumb\"},\"inLanguage\":\"de\",\"potentialAction\":[{\"@type\":\"ReadAction\",\"target\":[\"https:\/\/www.haargaerten.de\/ferienwohnung-am-moehnesee\/belegungsplan\/\"]}]},{\"@type\":\"BreadcrumbList\",\"@id\":\"https:\/\/www.haargaerten.de\/ferienwohnung-am-moehnesee\/belegungsplan\/#breadcrumb\",\"itemListElement\":[{\"@type\":\"ListItem\",\"position\":1,\"name\":\"Startseite\",\"item\":\"https:\/\/www.haargaerten.de\/ferienwohnung-am-moehnesee\/\"},{\"@type\":\"ListItem\",\"position\":2,\"name\":\"Kalender \/ Verf\u00fcgbarkeit\"}]},{\"@type\":\"WebSite\",\"@id\":\"https:\/\/www.haargaerten.de\/ferienwohnung-am-moehnesee\/#website\",\"url\":\"https:\/\/www.haargaerten.de\/ferienwohnung-am-moehnesee\/\",\"name\":\"Ferienwohnung In den Haarg\u00e4rten\",\"description\":\"Ferienwohnung am M\u00f6hnesee\",\"publisher\":{\"@id\":\"https:\/\/www.haargaerten.de\/ferienwohnung-am-moehnesee\/#organization\"},\"potentialAction\":[{\"@type\":\"SearchAction\",\"target\":{\"@type\":\"EntryPoint\",\"urlTemplate\":\"https:\/\/www.haargaerten.de\/ferienwohnung-am-moehnesee\/?s={search_term_string}\"},\"query-input\":{\"@type\":\"PropertyValueSpecification\",\"valueRequired\":true,\"valueName\":\"search_term_string\"}}],\"inLanguage\":\"de\"},{\"@type\":\"Organization\",\"@id\":\"https:\/\/www.haargaerten.de\/ferienwohnung-am-moehnesee\/#organization\",\"name\":\"Ferienwohnung In den Haarg\u00e4rten am M\u00f6hnesee\",\"url\":\"https:\/\/www.haargaerten.de\/ferienwohnung-am-moehnesee\/\",\"logo\":{\"@type\":\"ImageObject\",\"inLanguage\":\"de\",\"@id\":\"https:\/\/www.haargaerten.de\/ferienwohnung-am-moehnesee\/#\/schema\/logo\/image\/\",\"url\":\"https:\/\/www.haargaerten.de\/wp-content\/uploads\/2019\/03\/Haus.jpg\",\"contentUrl\":\"https:\/\/www.haargaerten.de\/wp-content\/uploads\/2019\/03\/Haus.jpg\",\"width\":472,\"height\":480,\"caption\":\"Ferienwohnung In den Haarg\u00e4rten am M\u00f6hnesee\"},\"image\":{\"@id\":\"https:\/\/www.haargaerten.de\/ferienwohnung-am-moehnesee\/#\/schema\/logo\/image\/\"}}]}<\/script>\n<!-- \/ Yoast SEO plugin. -->","yoast_head_json":{"title":"Kalender \/ Verf\u00fcgbarkeit - Ferienwohnung In den Haarg\u00e4rten","robots":{"index":"index","follow":"follow","max-snippet":"max-snippet:-1","max-image-preview":"max-image-preview:large","max-video-preview":"max-video-preview:-1"},"canonical":"https:\/\/www.haargaerten.de\/ferienwohnung-am-moehnesee\/belegungsplan\/","og_locale":"de_DE","og_type":"article","og_title":"Kalender \/ Verf\u00fcgbarkeit - Ferienwohnung In den Haarg\u00e4rten","og_description":"Gew\u00fcnschten Zeitraum antippen&#8230;. Zur\u00fcck zur Ferienwohnung am M\u00f6hnesee","og_url":"https:\/\/www.haargaerten.de\/ferienwohnung-am-moehnesee\/belegungsplan\/","og_site_name":"Ferienwohnung In den Haarg\u00e4rten","article_modified_time":"2019-03-28T21:53:11+00:00","twitter_card":"summary_large_image","schema":{"@context":"https:\/\/schema.org","@graph":[{"@type":"WebPage","@id":"https:\/\/www.haargaerten.de\/ferienwohnung-am-moehnesee\/belegungsplan\/","url":"https:\/\/www.haargaerten.de\/ferienwohnung-am-moehnesee\/belegungsplan\/","name":"Kalender \/ Verf\u00fcgbarkeit - Ferienwohnung In den Haarg\u00e4rten","isPartOf":{"@id":"https:\/\/www.haargaerten.de\/ferienwohnung-am-moehnesee\/#website"},"datePublished":"2019-03-08T19:51:10+00:00","dateModified":"2019-03-28T21:53:11+00:00","breadcrumb":{"@id":"https:\/\/www.haargaerten.de\/ferienwohnung-am-moehnesee\/belegungsplan\/#breadcrumb"},"inLanguage":"de","potentialAction":[{"@type":"ReadAction","target":["https:\/\/www.haargaerten.de\/ferienwohnung-am-moehnesee\/belegungsplan\/"]}]},{"@type":"BreadcrumbList","@id":"https:\/\/www.haargaerten.de\/ferienwohnung-am-moehnesee\/belegungsplan\/#breadcrumb","itemListElement":[{"@type":"ListItem","position":1,"name":"Startseite","item":"https:\/\/www.haargaerten.de\/ferienwohnung-am-moehnesee\/"},{"@type":"ListItem","position":2,"name":"Kalender \/ Verf\u00fcgbarkeit"}]},{"@type":"WebSite","@id":"https:\/\/www.haargaerten.de\/ferienwohnung-am-moehnesee\/#website","url":"https:\/\/www.haargaerten.de\/ferienwohnung-am-moehnesee\/","name":"Ferienwohnung In den Haarg\u00e4rten","description":"Ferienwohnung am M\u00f6hnesee","publisher":{"@id":"https:\/\/www.haargaerten.de\/ferienwohnung-am-moehnesee\/#organization"},"potentialAction":[{"@type":"SearchAction","target":{"@type":"EntryPoint","urlTemplate":"https:\/\/www.haargaerten.de\/ferienwohnung-am-moehnesee\/?s={search_term_string}"},"query-input":{"@type":"PropertyValueSpecification","valueRequired":true,"valueName":"search_term_string"}}],"inLanguage":"de"},{"@type":"Organization","@id":"https:\/\/www.haargaerten.de\/ferienwohnung-am-moehnesee\/#organization","name":"Ferienwohnung In den Haarg\u00e4rten am M\u00f6hnesee","url":"https:\/\/www.haargaerten.de\/ferienwohnung-am-moehnesee\/","logo":{"@type":"ImageObject","inLanguage":"de","@id":"https:\/\/www.haargaerten.de\/ferienwohnung-am-moehnesee\/#\/schema\/logo\/image\/","url":"https:\/\/www.haargaerten.de\/wp-content\/uploads\/2019\/03\/Haus.jpg","contentUrl":"https:\/\/www.haargaerten.de\/wp-content\/uploads\/2019\/03\/Haus.jpg","width":472,"height":480,"caption":"Ferienwohnung In den Haarg\u00e4rten am M\u00f6hnesee"},"image":{"@id":"https:\/\/www.haargaerten.de\/ferienwohnung-am-moehnesee\/#\/schema\/logo\/image\/"}}]}},"_links":{"self":[{"href":"https:\/\/www.haargaerten.de\/ferienwohnung-am-moehnesee\/wp-json\/wp\/v2\/pages\/204","targetHints":{"allow":["GET"]}}],"collection":[{"href":"https:\/\/www.haargaerten.de\/ferienwohnung-am-moehnesee\/wp-json\/wp\/v2\/pages"}],"about":[{"href":"https:\/\/www.haargaerten.de\/ferienwohnung-am-moehnesee\/wp-json\/wp\/v2\/types\/page"}],"author":[{"embeddable":true,"href":"https:\/\/www.haargaerten.de\/ferienwohnung-am-moehnesee\/wp-json\/wp\/v2\/users\/3"}],"replies":[{"embeddable":true,"href":"https:\/\/www.haargaerten.de\/ferienwohnung-am-moehnesee\/wp-json\/wp\/v2\/comments?post=204"}],"version-history":[{"count":10,"href":"https:\/\/www.haargaerten.de\/ferienwohnung-am-moehnesee\/wp-json\/wp\/v2\/pages\/204\/revisions"}],"predecessor-version":[{"id":703,"href":"https:\/\/www.haargaerten.de\/ferienwohnung-am-moehnesee\/wp-json\/wp\/v2\/pages\/204\/revisions\/703"}],"wp:attachment":[{"href":"https:\/\/www.haargaerten.de\/ferienwohnung-am-moehnesee\/wp-json\/wp\/v2\/media?parent=204"}],"curies":[{"name":"wp","href":"https:\/\/api.w.org\/{rel}","templated":true}]}}