{"id":216,"date":"2019-03-08T20:01:43","date_gmt":"2019-03-08T20:01:43","guid":{"rendered":"http:\/\/ferienwohnung-moehnesee-nacke.de\/?page_id=216"},"modified":"2024-10-18T16:44:14","modified_gmt":"2024-10-18T14:44:14","slug":"buchung","status":"publish","type":"page","link":"https:\/\/www.haargaerten.de\/ferienwohnung-am-moehnesee\/buchung\/","title":{"rendered":"Buchung"},"content":{"rendered":"\n<p>Hier k\u00f6nnen Sie direkt eine Buchungsanfrage starten.<\/p>\n\n\n\n<p>Alternativ k\u00f6nnen Sie die freien Zeiten auch im <a href=\"https:\/\/www.haargaerten.de\/ferienwohnung-am-moehnesee\/belegungsplan\/\">Verf\u00fcgbarkeitskalender<\/a> suchen.<\/p>\n\n\n\n<p><\/p>\n\n\n\n<p>Stornierungen bis 14 Tage vor Anreise sind kostenfrei m\u00f6glich, sp\u00e4tere Stornierungen werden mit 90% des Reisepreises berechnet.<\/p>\n\n\n\n<div class=\"wp-block-abc-shortcodes-booking-form\">\n\t<!-- Advanced Booking Calendar Booking Form - https:\/\/booking-calendar-plugin.com -->\n\t\n\t<div id=\"abc-form-wrapper\">\n\t\t<img decoding=\"async\" alt=\"Wird geladen...\" src=\"https:\/\/www.haargaerten.de\/wp-admin\/images\/wpspin_light.gif\" align=\"middle\" class=\"waiting\" id=\"abc_bookinform_loading\" style=\"display:none\" \/>\t\t\t\t\n\t\t<div id=\"abc-form-content\">\n\t\t\t<div class=\"abc-column\">\n\t\t\t\t<form class=\"abc-form\"  method=\"post\">\n\t\t\t\t\t<label for=\"abc-from\">Anreise<\/label>\n\t\t\t\t\t<div class=\"abc-input-fa\">\n\t\t\t\t\t\t<span class=\"fa fa-calendar\"><\/span>\n\t\t\t\t\t\t<input id=\"abc-from\" name=\"abc-from\" readonly=\"true\" class=\"abc-from\" value=\"\">\n\t\t\t\t\t<\/div>\n\t\t\t\t\t<label for=\"abc-to\">Abreise<\/label>\n\t\t\t\t\t<div class=\"abc-input-fa\">\n\t\t\t\t\t\t<span class=\"fa fa-calendar\"><\/span>\n\t\t\t\t\t\t<input id=\"abc-to\" name=\"abc-to\" readonly=\"true\" class=\"abc-to\" value=\"\">\n\t\t\t\t\t<\/div>\n\t\t\t<\/div>\t\t\t\n\t\t\t<div class=\"abc-column abc-form\">\t\n\t\t\t\t\t<label for=\"abc-persons\">Personen<\/label>\n\t\t\t\t\t<div class=\"abc-input-fa\">\n\t\t\t\t\t\t<span class=\"fa fa-female abc-guest1\"><\/span>\n\t\t\t\t\t\t<span class=\"fa fa-male abc-guest2\"><\/span>\n\t\t\t\t\t\t<select id=\"abc-persons\" name=\"abc-persons\">\n\t\t\t\t\t\t\t<option value=\"1\" selected>1<\/option><option value=\"2\">2<\/option>\n\t\t\t\t\t\t<\/select>\n\t\t\t\t\t<\/div>\n\t\t\t\t\t<input id=\"abcPostTrigger\" type=\"hidden\" name=\"abcPostTrigger\" value=\"0\">\t\n\t\t\t\t\t<input id=\"abcPostCalendarId\" type=\"hidden\" name=\"abcPostCalendarId\" value=\"1\">\t\n\t\t\t\t<\/form>\t\n\t\t\t<\/div>\n\t\t\t<div class=\"abc-form-row\">\n\t\t\t\t<button class=\"abc-submit\" id=\"abc-check-availabilities\"><span id=\"abc-submit-button\" class=\"abc-submit-text\">Verf\u00fcgbarkeiten pr\u00fcfen<\/span><span class=\"abc-submit-loading\" >Wird geladen...<\/span><\/button>\n\t\t\t\t<button class=\"abc-submit\" id=\"abc-back-to-availabilities\" style=\"display: none;\"><span class=\"abc-submit-text\">Bearbeiten<\/span><\/button>\n\t\t\t<\/div>\t\n\t\t\t\n\t\t\t<div id=\"abc-bookingresults\"><\/div>\n\t\t<\/div><\/div><\/div>\n\n\n\n<p><a href=\"https:\/\/www.haargaerten.de\/ferienwohnung-am-moehnesee\/\">Zur\u00fcck zur Ferienwohnung am M\u00f6hnesee<\/a><\/p>\n","protected":false},"excerpt":{"rendered":"<p>Hier k\u00f6nnen Sie direkt eine Buchungsanfrage starten. Alternativ k\u00f6nnen Sie die freien Zeiten auch im Verf\u00fcgbarkeitskalender suchen. Stornierungen bis 14 Tage vor Anreise sind kostenfrei m\u00f6glich, sp\u00e4tere Stornierungen werden mit 90% des Reisepreises berechnet. Zur\u00fcck zur Ferienwohnung am M\u00f6hnesee<\/p>\n","protected":false},"author":3,"featured_media":0,"parent":0,"menu_order":0,"comment_status":"closed","ping_status":"closed","template":"template-single-column.php","meta":{"footnotes":""},"class_list":["post-216","page","type-page","status-publish","hentry"],"yoast_head":"<!-- This site is optimized with the Yoast SEO plugin v24.9 - https:\/\/yoast.com\/wordpress\/plugins\/seo\/ -->\n<title>Buchung - Ferienwohnung In den Haarg\u00e4rten<\/title>\n<meta name=\"robots\" content=\"index, follow, max-snippet:-1, max-image-preview:large, max-video-preview:-1\" \/>\n<link rel=\"canonical\" href=\"https:\/\/www.haargaerten.de\/ferienwohnung-am-moehnesee\/buchung\/\" \/>\n<meta property=\"og:locale\" content=\"de_DE\" \/>\n<meta property=\"og:type\" content=\"article\" \/>\n<meta property=\"og:title\" content=\"Buchung - Ferienwohnung In den Haarg\u00e4rten\" \/>\n<meta property=\"og:description\" content=\"Hier k\u00f6nnen Sie direkt eine Buchungsanfrage starten. Alternativ k\u00f6nnen Sie die freien Zeiten auch im Verf\u00fcgbarkeitskalender suchen. Stornierungen bis 14 Tage vor Anreise sind kostenfrei m\u00f6glich, sp\u00e4tere Stornierungen werden mit 90% des Reisepreises berechnet. Zur\u00fcck zur Ferienwohnung am M\u00f6hnesee\" \/>\n<meta property=\"og:url\" content=\"https:\/\/www.haargaerten.de\/ferienwohnung-am-moehnesee\/buchung\/\" \/>\n<meta property=\"og:site_name\" content=\"Ferienwohnung In den Haarg\u00e4rten\" \/>\n<meta property=\"article:modified_time\" content=\"2024-10-18T14:44:14+00:00\" \/>\n<meta name=\"twitter:card\" content=\"summary_large_image\" \/>\n<meta name=\"twitter:label1\" content=\"Gesch\u00e4tzte Lesezeit\" \/>\n\t<meta name=\"twitter:data1\" content=\"1\u00a0Minute\" \/>\n<script type=\"application\/ld+json\" class=\"yoast-schema-graph\">{\"@context\":\"https:\/\/schema.org\",\"@graph\":[{\"@type\":\"WebPage\",\"@id\":\"https:\/\/www.haargaerten.de\/ferienwohnung-am-moehnesee\/buchung\/\",\"url\":\"https:\/\/www.haargaerten.de\/ferienwohnung-am-moehnesee\/buchung\/\",\"name\":\"Buchung - Ferienwohnung In den Haarg\u00e4rten\",\"isPartOf\":{\"@id\":\"https:\/\/www.haargaerten.de\/ferienwohnung-am-moehnesee\/#website\"},\"datePublished\":\"2019-03-08T20:01:43+00:00\",\"dateModified\":\"2024-10-18T14:44:14+00:00\",\"breadcrumb\":{\"@id\":\"https:\/\/www.haargaerten.de\/ferienwohnung-am-moehnesee\/buchung\/#breadcrumb\"},\"inLanguage\":\"de\",\"potentialAction\":[{\"@type\":\"ReadAction\",\"target\":[\"https:\/\/www.haargaerten.de\/ferienwohnung-am-moehnesee\/buchung\/\"]}]},{\"@type\":\"BreadcrumbList\",\"@id\":\"https:\/\/www.haargaerten.de\/ferienwohnung-am-moehnesee\/buchung\/#breadcrumb\",\"itemListElement\":[{\"@type\":\"ListItem\",\"position\":1,\"name\":\"Startseite\",\"item\":\"https:\/\/www.haargaerten.de\/ferienwohnung-am-moehnesee\/\"},{\"@type\":\"ListItem\",\"position\":2,\"name\":\"Buchung\"}]},{\"@type\":\"WebSite\",\"@id\":\"https:\/\/www.haargaerten.de\/ferienwohnung-am-moehnesee\/#website\",\"url\":\"https:\/\/www.haargaerten.de\/ferienwohnung-am-moehnesee\/\",\"name\":\"Ferienwohnung In den Haarg\u00e4rten\",\"description\":\"Ferienwohnung am M\u00f6hnesee\",\"publisher\":{\"@id\":\"https:\/\/www.haargaerten.de\/ferienwohnung-am-moehnesee\/#organization\"},\"potentialAction\":[{\"@type\":\"SearchAction\",\"target\":{\"@type\":\"EntryPoint\",\"urlTemplate\":\"https:\/\/www.haargaerten.de\/ferienwohnung-am-moehnesee\/?s={search_term_string}\"},\"query-input\":{\"@type\":\"PropertyValueSpecification\",\"valueRequired\":true,\"valueName\":\"search_term_string\"}}],\"inLanguage\":\"de\"},{\"@type\":\"Organization\",\"@id\":\"https:\/\/www.haargaerten.de\/ferienwohnung-am-moehnesee\/#organization\",\"name\":\"Ferienwohnung In den Haarg\u00e4rten am M\u00f6hnesee\",\"url\":\"https:\/\/www.haargaerten.de\/ferienwohnung-am-moehnesee\/\",\"logo\":{\"@type\":\"ImageObject\",\"inLanguage\":\"de\",\"@id\":\"https:\/\/www.haargaerten.de\/ferienwohnung-am-moehnesee\/#\/schema\/logo\/image\/\",\"url\":\"https:\/\/www.haargaerten.de\/wp-content\/uploads\/2019\/03\/Haus.jpg\",\"contentUrl\":\"https:\/\/www.haargaerten.de\/wp-content\/uploads\/2019\/03\/Haus.jpg\",\"width\":472,\"height\":480,\"caption\":\"Ferienwohnung In den Haarg\u00e4rten am M\u00f6hnesee\"},\"image\":{\"@id\":\"https:\/\/www.haargaerten.de\/ferienwohnung-am-moehnesee\/#\/schema\/logo\/image\/\"}}]}<\/script>\n<!-- \/ Yoast SEO plugin. -->","yoast_head_json":{"title":"Buchung - Ferienwohnung In den Haarg\u00e4rten","robots":{"index":"index","follow":"follow","max-snippet":"max-snippet:-1","max-image-preview":"max-image-preview:large","max-video-preview":"max-video-preview:-1"},"canonical":"https:\/\/www.haargaerten.de\/ferienwohnung-am-moehnesee\/buchung\/","og_locale":"de_DE","og_type":"article","og_title":"Buchung - Ferienwohnung In den Haarg\u00e4rten","og_description":"Hier k\u00f6nnen Sie direkt eine Buchungsanfrage starten. Alternativ k\u00f6nnen Sie die freien Zeiten auch im Verf\u00fcgbarkeitskalender suchen. Stornierungen bis 14 Tage vor Anreise sind kostenfrei m\u00f6glich, sp\u00e4tere Stornierungen werden mit 90% des Reisepreises berechnet. Zur\u00fcck zur Ferienwohnung am M\u00f6hnesee","og_url":"https:\/\/www.haargaerten.de\/ferienwohnung-am-moehnesee\/buchung\/","og_site_name":"Ferienwohnung In den Haarg\u00e4rten","article_modified_time":"2024-10-18T14:44:14+00:00","twitter_card":"summary_large_image","twitter_misc":{"Gesch\u00e4tzte Lesezeit":"1\u00a0Minute"},"schema":{"@context":"https:\/\/schema.org","@graph":[{"@type":"WebPage","@id":"https:\/\/www.haargaerten.de\/ferienwohnung-am-moehnesee\/buchung\/","url":"https:\/\/www.haargaerten.de\/ferienwohnung-am-moehnesee\/buchung\/","name":"Buchung - Ferienwohnung In den Haarg\u00e4rten","isPartOf":{"@id":"https:\/\/www.haargaerten.de\/ferienwohnung-am-moehnesee\/#website"},"datePublished":"2019-03-08T20:01:43+00:00","dateModified":"2024-10-18T14:44:14+00:00","breadcrumb":{"@id":"https:\/\/www.haargaerten.de\/ferienwohnung-am-moehnesee\/buchung\/#breadcrumb"},"inLanguage":"de","potentialAction":[{"@type":"ReadAction","target":["https:\/\/www.haargaerten.de\/ferienwohnung-am-moehnesee\/buchung\/"]}]},{"@type":"BreadcrumbList","@id":"https:\/\/www.haargaerten.de\/ferienwohnung-am-moehnesee\/buchung\/#breadcrumb","itemListElement":[{"@type":"ListItem","position":1,"name":"Startseite","item":"https:\/\/www.haargaerten.de\/ferienwohnung-am-moehnesee\/"},{"@type":"ListItem","position":2,"name":"Buchung"}]},{"@type":"WebSite","@id":"https:\/\/www.haargaerten.de\/ferienwohnung-am-moehnesee\/#website","url":"https:\/\/www.haargaerten.de\/ferienwohnung-am-moehnesee\/","name":"Ferienwohnung In den Haarg\u00e4rten","description":"Ferienwohnung am M\u00f6hnesee","publisher":{"@id":"https:\/\/www.haargaerten.de\/ferienwohnung-am-moehnesee\/#organization"},"potentialAction":[{"@type":"SearchAction","target":{"@type":"EntryPoint","urlTemplate":"https:\/\/www.haargaerten.de\/ferienwohnung-am-moehnesee\/?s={search_term_string}"},"query-input":{"@type":"PropertyValueSpecification","valueRequired":true,"valueName":"search_term_string"}}],"inLanguage":"de"},{"@type":"Organization","@id":"https:\/\/www.haargaerten.de\/ferienwohnung-am-moehnesee\/#organization","name":"Ferienwohnung In den Haarg\u00e4rten am M\u00f6hnesee","url":"https:\/\/www.haargaerten.de\/ferienwohnung-am-moehnesee\/","logo":{"@type":"ImageObject","inLanguage":"de","@id":"https:\/\/www.haargaerten.de\/ferienwohnung-am-moehnesee\/#\/schema\/logo\/image\/","url":"https:\/\/www.haargaerten.de\/wp-content\/uploads\/2019\/03\/Haus.jpg","contentUrl":"https:\/\/www.haargaerten.de\/wp-content\/uploads\/2019\/03\/Haus.jpg","width":472,"height":480,"caption":"Ferienwohnung In den Haarg\u00e4rten am M\u00f6hnesee"},"image":{"@id":"https:\/\/www.haargaerten.de\/ferienwohnung-am-moehnesee\/#\/schema\/logo\/image\/"}}]}},"_links":{"self":[{"href":"https:\/\/www.haargaerten.de\/ferienwohnung-am-moehnesee\/wp-json\/wp\/v2\/pages\/216","targetHints":{"allow":["GET"]}}],"collection":[{"href":"https:\/\/www.haargaerten.de\/ferienwohnung-am-moehnesee\/wp-json\/wp\/v2\/pages"}],"about":[{"href":"https:\/\/www.haargaerten.de\/ferienwohnung-am-moehnesee\/wp-json\/wp\/v2\/types\/page"}],"author":[{"embeddable":true,"href":"https:\/\/www.haargaerten.de\/ferienwohnung-am-moehnesee\/wp-json\/wp\/v2\/users\/3"}],"replies":[{"embeddable":true,"href":"https:\/\/www.haargaerten.de\/ferienwohnung-am-moehnesee\/wp-json\/wp\/v2\/comments?post=216"}],"version-history":[{"count":11,"href":"https:\/\/www.haargaerten.de\/ferienwohnung-am-moehnesee\/wp-json\/wp\/v2\/pages\/216\/revisions"}],"predecessor-version":[{"id":972,"href":"https:\/\/www.haargaerten.de\/ferienwohnung-am-moehnesee\/wp-json\/wp\/v2\/pages\/216\/revisions\/972"}],"wp:attachment":[{"href":"https:\/\/www.haargaerten.de\/ferienwohnung-am-moehnesee\/wp-json\/wp\/v2\/media?parent=216"}],"curies":[{"name":"wp","href":"https:\/\/api.w.org\/{rel}","templated":true}]}}