{"id":236,"date":"2019-03-08T22:24:07","date_gmt":"2019-03-08T22:24:07","guid":{"rendered":"http:\/\/ferienwohnung-moehnesee-nacke.de\/?page_id=236"},"modified":"2019-04-08T21:14:10","modified_gmt":"2019-04-08T19:14:10","slug":"moehnesee","status":"publish","type":"page","link":"https:\/\/www.haargaerten.de\/ferienwohnung-am-moehnesee\/moehnesee\/","title":{"rendered":"Webcam M\u00f6hnesee"},"content":{"rendered":"\n<p><a href=\"https:\/\/www.talsperrenleitzentrale-ruhr.de\/\">Mit freundlicher Genehmigung der Talsperrenleitzentrale des Ruhrverbands.<\/a><\/p>\n\n\n\n<h4 class=\"wp-block-heading\">Webcam M\u00f6hnesee &#8211; Mauerkrone Sperrmauer<\/h4>\n\n\n\n<figure class=\"wp-block-image\"><img decoding=\"async\" src=\"https:\/\/www.talsperrenleitzentrale-ruhr.de\/daten\/internet\/onlinedaten\/webcam\/webcam_moehne.jpg\" alt=\"\"\/><\/figure>\n\n\n\n<h4 class=\"wp-block-heading\">Webcam M\u00f6hnesee &#8211; Luftseite Sperrmauer<\/h4>\n\n\n\n<figure class=\"wp-block-image\"><img decoding=\"async\" src=\"https:\/\/www.talsperrenleitzentrale-ruhr.de\/daten\/internet\/onlinedaten\/webcam\/webcam_moehne_ls.jpg\" alt=\"\"\/><\/figure>\n\n\n\n<p><a href=\"https:\/\/www.haargaerten.de\/ferienwohnung-am-moehnesee\/stauhoehe-moehnesee\/\">Stauh\u00f6he M\u00f6hnesee<\/a><\/p>\n\n\n\n<p><a href=\"https:\/\/www.haargaerten.de\/ferienwohnung-am-moehnesee\/fuellstand-moehnesee\/\">F\u00fcllstand M\u00f6hnesee<\/a><\/p>\n\n\n\n<p><a href=\"https:\/\/www.haargaerten.de\/ferienwohnung-am-moehnesee\/\">Zur\u00fcck zur Ferienwohnung am M\u00f6hnesee<\/a><\/p>\n\n\n\n<p><\/p>\n","protected":false},"excerpt":{"rendered":"<p>Mit freundlicher Genehmigung der Talsperrenleitzentrale des Ruhrverbands. Webcam M\u00f6hnesee &#8211; Mauerkrone Sperrmauer Webcam M\u00f6hnesee &#8211; Luftseite Sperrmauer Stauh\u00f6he M\u00f6hnesee F\u00fcllstand M\u00f6hnesee Zur\u00fcck zur Ferienwohnung am M\u00f6hnesee<\/p>\n","protected":false},"author":3,"featured_media":0,"parent":0,"menu_order":0,"comment_status":"closed","ping_status":"closed","template":"","meta":{"footnotes":""},"class_list":["post-236","page","type-page","status-publish","hentry"],"yoast_head":"<!-- This site is optimized with the Yoast SEO plugin v24.9 - https:\/\/yoast.com\/wordpress\/plugins\/seo\/ -->\n<title>Webcam M\u00f6hnesee - Ferienwohnung In den Haarg\u00e4rten<\/title>\n<meta name=\"robots\" content=\"index, follow, max-snippet:-1, max-image-preview:large, max-video-preview:-1\" \/>\n<link rel=\"canonical\" href=\"https:\/\/www.haargaerten.de\/ferienwohnung-am-moehnesee\/moehnesee\/\" \/>\n<meta property=\"og:locale\" content=\"de_DE\" \/>\n<meta property=\"og:type\" content=\"article\" \/>\n<meta property=\"og:title\" content=\"Webcam M\u00f6hnesee - Ferienwohnung In den Haarg\u00e4rten\" \/>\n<meta property=\"og:description\" content=\"Mit freundlicher Genehmigung der Talsperrenleitzentrale des Ruhrverbands. Webcam M\u00f6hnesee &#8211; Mauerkrone Sperrmauer Webcam M\u00f6hnesee &#8211; Luftseite Sperrmauer Stauh\u00f6he M\u00f6hnesee F\u00fcllstand M\u00f6hnesee Zur\u00fcck zur Ferienwohnung am M\u00f6hnesee\" \/>\n<meta property=\"og:url\" content=\"https:\/\/www.haargaerten.de\/ferienwohnung-am-moehnesee\/moehnesee\/\" \/>\n<meta property=\"og:site_name\" content=\"Ferienwohnung In den Haarg\u00e4rten\" \/>\n<meta property=\"article:modified_time\" content=\"2019-04-08T19:14:10+00:00\" \/>\n<meta property=\"og:image\" content=\"https:\/\/www.talsperrenleitzentrale-ruhr.de\/daten\/internet\/onlinedaten\/webcam\/webcam_moehne.jpg\" \/>\n<meta name=\"twitter:card\" content=\"summary_large_image\" \/>\n<script type=\"application\/ld+json\" class=\"yoast-schema-graph\">{\"@context\":\"https:\/\/schema.org\",\"@graph\":[{\"@type\":\"WebPage\",\"@id\":\"https:\/\/www.haargaerten.de\/ferienwohnung-am-moehnesee\/moehnesee\/\",\"url\":\"https:\/\/www.haargaerten.de\/ferienwohnung-am-moehnesee\/moehnesee\/\",\"name\":\"Webcam M\u00f6hnesee - Ferienwohnung In den Haarg\u00e4rten\",\"isPartOf\":{\"@id\":\"https:\/\/www.haargaerten.de\/ferienwohnung-am-moehnesee\/#website\"},\"primaryImageOfPage\":{\"@id\":\"https:\/\/www.haargaerten.de\/ferienwohnung-am-moehnesee\/moehnesee\/#primaryimage\"},\"image\":{\"@id\":\"https:\/\/www.haargaerten.de\/ferienwohnung-am-moehnesee\/moehnesee\/#primaryimage\"},\"thumbnailUrl\":\"https:\/\/www.talsperrenleitzentrale-ruhr.de\/daten\/internet\/onlinedaten\/webcam\/webcam_moehne.jpg\",\"datePublished\":\"2019-03-08T22:24:07+00:00\",\"dateModified\":\"2019-04-08T19:14:10+00:00\",\"breadcrumb\":{\"@id\":\"https:\/\/www.haargaerten.de\/ferienwohnung-am-moehnesee\/moehnesee\/#breadcrumb\"},\"inLanguage\":\"de\",\"potentialAction\":[{\"@type\":\"ReadAction\",\"target\":[\"https:\/\/www.haargaerten.de\/ferienwohnung-am-moehnesee\/moehnesee\/\"]}]},{\"@type\":\"ImageObject\",\"inLanguage\":\"de\",\"@id\":\"https:\/\/www.haargaerten.de\/ferienwohnung-am-moehnesee\/moehnesee\/#primaryimage\",\"url\":\"https:\/\/www.talsperrenleitzentrale-ruhr.de\/daten\/internet\/onlinedaten\/webcam\/webcam_moehne.jpg\",\"contentUrl\":\"https:\/\/www.talsperrenleitzentrale-ruhr.de\/daten\/internet\/onlinedaten\/webcam\/webcam_moehne.jpg\"},{\"@type\":\"BreadcrumbList\",\"@id\":\"https:\/\/www.haargaerten.de\/ferienwohnung-am-moehnesee\/moehnesee\/#breadcrumb\",\"itemListElement\":[{\"@type\":\"ListItem\",\"position\":1,\"name\":\"Startseite\",\"item\":\"https:\/\/www.haargaerten.de\/ferienwohnung-am-moehnesee\/\"},{\"@type\":\"ListItem\",\"position\":2,\"name\":\"Webcam M\u00f6hnesee\"}]},{\"@type\":\"WebSite\",\"@id\":\"https:\/\/www.haargaerten.de\/ferienwohnung-am-moehnesee\/#website\",\"url\":\"https:\/\/www.haargaerten.de\/ferienwohnung-am-moehnesee\/\",\"name\":\"Ferienwohnung In den Haarg\u00e4rten\",\"description\":\"Ferienwohnung am M\u00f6hnesee\",\"publisher\":{\"@id\":\"https:\/\/www.haargaerten.de\/ferienwohnung-am-moehnesee\/#organization\"},\"potentialAction\":[{\"@type\":\"SearchAction\",\"target\":{\"@type\":\"EntryPoint\",\"urlTemplate\":\"https:\/\/www.haargaerten.de\/ferienwohnung-am-moehnesee\/?s={search_term_string}\"},\"query-input\":{\"@type\":\"PropertyValueSpecification\",\"valueRequired\":true,\"valueName\":\"search_term_string\"}}],\"inLanguage\":\"de\"},{\"@type\":\"Organization\",\"@id\":\"https:\/\/www.haargaerten.de\/ferienwohnung-am-moehnesee\/#organization\",\"name\":\"Ferienwohnung In den Haarg\u00e4rten am M\u00f6hnesee\",\"url\":\"https:\/\/www.haargaerten.de\/ferienwohnung-am-moehnesee\/\",\"logo\":{\"@type\":\"ImageObject\",\"inLanguage\":\"de\",\"@id\":\"https:\/\/www.haargaerten.de\/ferienwohnung-am-moehnesee\/#\/schema\/logo\/image\/\",\"url\":\"https:\/\/www.haargaerten.de\/wp-content\/uploads\/2019\/03\/Haus.jpg\",\"contentUrl\":\"https:\/\/www.haargaerten.de\/wp-content\/uploads\/2019\/03\/Haus.jpg\",\"width\":472,\"height\":480,\"caption\":\"Ferienwohnung In den Haarg\u00e4rten am M\u00f6hnesee\"},\"image\":{\"@id\":\"https:\/\/www.haargaerten.de\/ferienwohnung-am-moehnesee\/#\/schema\/logo\/image\/\"}}]}<\/script>\n<!-- \/ Yoast SEO plugin. -->","yoast_head_json":{"title":"Webcam M\u00f6hnesee - Ferienwohnung In den Haarg\u00e4rten","robots":{"index":"index","follow":"follow","max-snippet":"max-snippet:-1","max-image-preview":"max-image-preview:large","max-video-preview":"max-video-preview:-1"},"canonical":"https:\/\/www.haargaerten.de\/ferienwohnung-am-moehnesee\/moehnesee\/","og_locale":"de_DE","og_type":"article","og_title":"Webcam M\u00f6hnesee - Ferienwohnung In den Haarg\u00e4rten","og_description":"Mit freundlicher Genehmigung der Talsperrenleitzentrale des Ruhrverbands. Webcam M\u00f6hnesee &#8211; Mauerkrone Sperrmauer Webcam M\u00f6hnesee &#8211; Luftseite Sperrmauer Stauh\u00f6he M\u00f6hnesee F\u00fcllstand M\u00f6hnesee Zur\u00fcck zur Ferienwohnung am M\u00f6hnesee","og_url":"https:\/\/www.haargaerten.de\/ferienwohnung-am-moehnesee\/moehnesee\/","og_site_name":"Ferienwohnung In den Haarg\u00e4rten","article_modified_time":"2019-04-08T19:14:10+00:00","og_image":[{"url":"https:\/\/www.talsperrenleitzentrale-ruhr.de\/daten\/internet\/onlinedaten\/webcam\/webcam_moehne.jpg","type":"","width":"","height":""}],"twitter_card":"summary_large_image","schema":{"@context":"https:\/\/schema.org","@graph":[{"@type":"WebPage","@id":"https:\/\/www.haargaerten.de\/ferienwohnung-am-moehnesee\/moehnesee\/","url":"https:\/\/www.haargaerten.de\/ferienwohnung-am-moehnesee\/moehnesee\/","name":"Webcam M\u00f6hnesee - Ferienwohnung In den Haarg\u00e4rten","isPartOf":{"@id":"https:\/\/www.haargaerten.de\/ferienwohnung-am-moehnesee\/#website"},"primaryImageOfPage":{"@id":"https:\/\/www.haargaerten.de\/ferienwohnung-am-moehnesee\/moehnesee\/#primaryimage"},"image":{"@id":"https:\/\/www.haargaerten.de\/ferienwohnung-am-moehnesee\/moehnesee\/#primaryimage"},"thumbnailUrl":"https:\/\/www.talsperrenleitzentrale-ruhr.de\/daten\/internet\/onlinedaten\/webcam\/webcam_moehne.jpg","datePublished":"2019-03-08T22:24:07+00:00","dateModified":"2019-04-08T19:14:10+00:00","breadcrumb":{"@id":"https:\/\/www.haargaerten.de\/ferienwohnung-am-moehnesee\/moehnesee\/#breadcrumb"},"inLanguage":"de","potentialAction":[{"@type":"ReadAction","target":["https:\/\/www.haargaerten.de\/ferienwohnung-am-moehnesee\/moehnesee\/"]}]},{"@type":"ImageObject","inLanguage":"de","@id":"https:\/\/www.haargaerten.de\/ferienwohnung-am-moehnesee\/moehnesee\/#primaryimage","url":"https:\/\/www.talsperrenleitzentrale-ruhr.de\/daten\/internet\/onlinedaten\/webcam\/webcam_moehne.jpg","contentUrl":"https:\/\/www.talsperrenleitzentrale-ruhr.de\/daten\/internet\/onlinedaten\/webcam\/webcam_moehne.jpg"},{"@type":"BreadcrumbList","@id":"https:\/\/www.haargaerten.de\/ferienwohnung-am-moehnesee\/moehnesee\/#breadcrumb","itemListElement":[{"@type":"ListItem","position":1,"name":"Startseite","item":"https:\/\/www.haargaerten.de\/ferienwohnung-am-moehnesee\/"},{"@type":"ListItem","position":2,"name":"Webcam M\u00f6hnesee"}]},{"@type":"WebSite","@id":"https:\/\/www.haargaerten.de\/ferienwohnung-am-moehnesee\/#website","url":"https:\/\/www.haargaerten.de\/ferienwohnung-am-moehnesee\/","name":"Ferienwohnung In den Haarg\u00e4rten","description":"Ferienwohnung am M\u00f6hnesee","publisher":{"@id":"https:\/\/www.haargaerten.de\/ferienwohnung-am-moehnesee\/#organization"},"potentialAction":[{"@type":"SearchAction","target":{"@type":"EntryPoint","urlTemplate":"https:\/\/www.haargaerten.de\/ferienwohnung-am-moehnesee\/?s={search_term_string}"},"query-input":{"@type":"PropertyValueSpecification","valueRequired":true,"valueName":"search_term_string"}}],"inLanguage":"de"},{"@type":"Organization","@id":"https:\/\/www.haargaerten.de\/ferienwohnung-am-moehnesee\/#organization","name":"Ferienwohnung In den Haarg\u00e4rten am M\u00f6hnesee","url":"https:\/\/www.haargaerten.de\/ferienwohnung-am-moehnesee\/","logo":{"@type":"ImageObject","inLanguage":"de","@id":"https:\/\/www.haargaerten.de\/ferienwohnung-am-moehnesee\/#\/schema\/logo\/image\/","url":"https:\/\/www.haargaerten.de\/wp-content\/uploads\/2019\/03\/Haus.jpg","contentUrl":"https:\/\/www.haargaerten.de\/wp-content\/uploads\/2019\/03\/Haus.jpg","width":472,"height":480,"caption":"Ferienwohnung In den Haarg\u00e4rten am M\u00f6hnesee"},"image":{"@id":"https:\/\/www.haargaerten.de\/ferienwohnung-am-moehnesee\/#\/schema\/logo\/image\/"}}]}},"_links":{"self":[{"href":"https:\/\/www.haargaerten.de\/ferienwohnung-am-moehnesee\/wp-json\/wp\/v2\/pages\/236","targetHints":{"allow":["GET"]}}],"collection":[{"href":"https:\/\/www.haargaerten.de\/ferienwohnung-am-moehnesee\/wp-json\/wp\/v2\/pages"}],"about":[{"href":"https:\/\/www.haargaerten.de\/ferienwohnung-am-moehnesee\/wp-json\/wp\/v2\/types\/page"}],"author":[{"embeddable":true,"href":"https:\/\/www.haargaerten.de\/ferienwohnung-am-moehnesee\/wp-json\/wp\/v2\/users\/3"}],"replies":[{"embeddable":true,"href":"https:\/\/www.haargaerten.de\/ferienwohnung-am-moehnesee\/wp-json\/wp\/v2\/comments?post=236"}],"version-history":[{"count":6,"href":"https:\/\/www.haargaerten.de\/ferienwohnung-am-moehnesee\/wp-json\/wp\/v2\/pages\/236\/revisions"}],"predecessor-version":[{"id":765,"href":"https:\/\/www.haargaerten.de\/ferienwohnung-am-moehnesee\/wp-json\/wp\/v2\/pages\/236\/revisions\/765"}],"wp:attachment":[{"href":"https:\/\/www.haargaerten.de\/ferienwohnung-am-moehnesee\/wp-json\/wp\/v2\/media?parent=236"}],"curies":[{"name":"wp","href":"https:\/\/api.w.org\/{rel}","templated":true}]}}