{"id":271,"date":"2019-03-08T23:12:15","date_gmt":"2019-03-08T23:12:15","guid":{"rendered":"http:\/\/ferienwohnung-moehnesee-nacke.de\/?page_id=271"},"modified":"2022-04-29T09:42:25","modified_gmt":"2022-04-29T07:42:25","slug":"impressum","status":"publish","type":"page","link":"https:\/\/www.haargaerten.de\/ferienwohnung-am-moehnesee\/impressum\/","title":{"rendered":"Impressum"},"content":{"rendered":"\n<p>\n\n[imprint]\n\n<\/p>\n\n\n\n<h2>Angaben gem\u00e4\u00df \u00a7 5 TMG<\/h2>\n<p>Feienwohnung &#8222;In den Haarg\u00e4rten&#8220;<\/p>\n<p>Sabine Papesch-Nacke<br>In den Haarg\u00e4rten 4<br>59519 M\u00f6hnesee<\/p>\n<h2>Kontakt<\/h2>\n<p>Telefon: +49 (0) 2924 5884<br>E-Mail: ferienwohnung@hargaerten.de<\/p>\n<h3>Haftung f\u00fcr Inhalte<\/h3>\n<p>Als Diensteanbieter sind wir gem\u00e4\u00df \u00a7 7 Abs.1 TMG f\u00fcr eigene Inhalte auf diesen Seiten nach den allgemeinen Gesetzen verantwortlich. Nach \u00a7\u00a7 8 bis 10 TMG sind wir als Diensteanbieter jedoch nicht verpflichtet, \u00fcbermittelte oder gespeicherte fremde Informationen zu \u00fcberwachen oder nach Umst\u00e4nden zu forschen, die auf eine rechtswidrige T\u00e4tigkeit hinweisen.<\/p>\n<p>Verpflichtungen zur Entfernung oder Sperrung der Nutzung von Informationen nach den allgemeinen Gesetzen bleiben hiervon unber\u00fchrt. Eine diesbez\u00fcgliche Haftung ist jedoch erst ab dem Zeitpunkt der Kenntnis einer konkreten Rechtsverletzung m\u00f6glich. Bei Bekanntwerden von entsprechenden Rechtsverletzungen werden wir diese Inhalte umgehend entfernen.<\/p>\n<h3>Haftung f\u00fcr Links<\/h3>\n<p>Unser Angebot enth\u00e4lt Links zu externen Websites Dritter, auf deren Inhalte wir keinen Einfluss haben. Deshalb k\u00f6nnen wir f\u00fcr diese fremden Inhalte auch keine Gew\u00e4hr \u00fcbernehmen. F\u00fcr die Inhalte der verlinkten Seiten ist stets der jeweilige Anbieter oder Betreiber der Seiten verantwortlich. Die verlinkten Seiten wurden zum Zeitpunkt der Verlinkung auf m\u00f6gliche Rechtsverst\u00f6\u00dfe \u00fcberpr\u00fcft. Rechtswidrige Inhalte waren zum Zeitpunkt der Verlinkung nicht erkennbar.<\/p>\n<p>Eine permanente inhaltliche Kontrolle der verlinkten Seiten ist jedoch ohne konkrete Anhaltspunkte einer Rechtsverletzung nicht zumutbar. Bei Bekanntwerden von Rechtsverletzungen werden wir derartige Links umgehend entfernen.<\/p>\n<h3>Urheberrecht<\/h3>\n<p>Die durch die Seitenbetreiber erstellten Inhalte und Werke auf diesen Seiten unterliegen dem deutschen Urheberrecht. Die Vervielf\u00e4ltigung, Bearbeitung, Verbreitung und jede Art der Verwertung au\u00dferhalb der Grenzen des Urheberrechtes bed\u00fcrfen der schriftlichen Zustimmung des jeweiligen Autors bzw. Erstellers. Downloads und Kopien dieser Seite sind nur f\u00fcr den privaten, nicht kommerziellen Gebrauch gestattet.<\/p>\n<p>Soweit die Inhalte auf dieser Seite nicht vom Betreiber erstellt wurden, werden die Urheberrechte Dritter beachtet. Insbesondere werden Inhalte Dritter als solche gekennzeichnet. Sollten Sie trotzdem auf eine Urheberrechtsverletzung aufmerksam werden, bitten wir um einen entsprechenden Hinweis. Bei Bekanntwerden von Rechtsverletzungen werden wir derartige Inhalte umgehend entfernen.<\/p>\n<p>Quelle: <a href=\"https:\/\/www.e-recht24.de\">https:\/\/www.e-recht24.de<\/a><\/p>\n\n\n\n<p><a href=\"https:\/\/www.haargaerten.de\/ferienwohnung-am-moehnesee\/\">Zur\u00fcck zur Ferienwohnung am M\u00f6hnesee<\/a><\/p>\n","protected":false},"excerpt":{"rendered":"<p>[imprint] Angaben gem\u00e4\u00df \u00a7 5 TMG Feienwohnung &#8222;In den Haarg\u00e4rten&#8220; Sabine Papesch-NackeIn den Haarg\u00e4rten 459519 M\u00f6hnesee Kontakt Telefon: +49 (0) 2924 5884E-Mail: ferienwohnung@hargaerten.de Haftung f\u00fcr Inhalte Als Diensteanbieter sind wir gem\u00e4\u00df \u00a7 7 Abs.1 TMG f\u00fcr eigene Inhalte auf diesen Seiten nach den allgemeinen Gesetzen verantwortlich. Nach \u00a7\u00a7 8 bis 10 TMG sind wir als [&hellip;]<\/p>\n","protected":false},"author":3,"featured_media":0,"parent":0,"menu_order":0,"comment_status":"closed","ping_status":"closed","template":"","meta":{"footnotes":""},"class_list":["post-271","page","type-page","status-publish","hentry"],"yoast_head":"<!-- This site is optimized with the Yoast SEO plugin v24.9 - https:\/\/yoast.com\/wordpress\/plugins\/seo\/ -->\n<title>Impressum - Ferienwohnung In den Haarg\u00e4rten<\/title>\n<meta name=\"robots\" content=\"index, follow, max-snippet:-1, max-image-preview:large, max-video-preview:-1\" \/>\n<link rel=\"canonical\" href=\"https:\/\/www.haargaerten.de\/ferienwohnung-am-moehnesee\/impressum\/\" \/>\n<meta property=\"og:locale\" content=\"de_DE\" \/>\n<meta property=\"og:type\" content=\"article\" \/>\n<meta property=\"og:title\" content=\"Impressum - Ferienwohnung In den Haarg\u00e4rten\" \/>\n<meta property=\"og:description\" content=\"[imprint] Angaben gem\u00e4\u00df \u00a7 5 TMG Feienwohnung &#8222;In den Haarg\u00e4rten&#8220; Sabine Papesch-NackeIn den Haarg\u00e4rten 459519 M\u00f6hnesee Kontakt Telefon: +49 (0) 2924 5884E-Mail: ferienwohnung@hargaerten.de Haftung f\u00fcr Inhalte Als Diensteanbieter sind wir gem\u00e4\u00df \u00a7 7 Abs.1 TMG f\u00fcr eigene Inhalte auf diesen Seiten nach den allgemeinen Gesetzen verantwortlich. Nach \u00a7\u00a7 8 bis 10 TMG sind wir als [&hellip;]\" \/>\n<meta property=\"og:url\" content=\"https:\/\/www.haargaerten.de\/ferienwohnung-am-moehnesee\/impressum\/\" \/>\n<meta property=\"og:site_name\" content=\"Ferienwohnung In den Haarg\u00e4rten\" \/>\n<meta property=\"article:modified_time\" content=\"2022-04-29T07:42:25+00:00\" \/>\n<meta name=\"twitter:card\" content=\"summary_large_image\" \/>\n<meta name=\"twitter:label1\" content=\"Gesch\u00e4tzte Lesezeit\" \/>\n\t<meta name=\"twitter:data1\" content=\"2\u00a0Minuten\" \/>\n<script type=\"application\/ld+json\" class=\"yoast-schema-graph\">{\"@context\":\"https:\/\/schema.org\",\"@graph\":[{\"@type\":\"WebPage\",\"@id\":\"https:\/\/www.haargaerten.de\/ferienwohnung-am-moehnesee\/impressum\/\",\"url\":\"https:\/\/www.haargaerten.de\/ferienwohnung-am-moehnesee\/impressum\/\",\"name\":\"Impressum - Ferienwohnung In den Haarg\u00e4rten\",\"isPartOf\":{\"@id\":\"https:\/\/www.haargaerten.de\/ferienwohnung-am-moehnesee\/#website\"},\"datePublished\":\"2019-03-08T23:12:15+00:00\",\"dateModified\":\"2022-04-29T07:42:25+00:00\",\"breadcrumb\":{\"@id\":\"https:\/\/www.haargaerten.de\/ferienwohnung-am-moehnesee\/impressum\/#breadcrumb\"},\"inLanguage\":\"de\",\"potentialAction\":[{\"@type\":\"ReadAction\",\"target\":[\"https:\/\/www.haargaerten.de\/ferienwohnung-am-moehnesee\/impressum\/\"]}]},{\"@type\":\"BreadcrumbList\",\"@id\":\"https:\/\/www.haargaerten.de\/ferienwohnung-am-moehnesee\/impressum\/#breadcrumb\",\"itemListElement\":[{\"@type\":\"ListItem\",\"position\":1,\"name\":\"Startseite\",\"item\":\"https:\/\/www.haargaerten.de\/ferienwohnung-am-moehnesee\/\"},{\"@type\":\"ListItem\",\"position\":2,\"name\":\"Impressum\"}]},{\"@type\":\"WebSite\",\"@id\":\"https:\/\/www.haargaerten.de\/ferienwohnung-am-moehnesee\/#website\",\"url\":\"https:\/\/www.haargaerten.de\/ferienwohnung-am-moehnesee\/\",\"name\":\"Ferienwohnung In den Haarg\u00e4rten\",\"description\":\"Ferienwohnung am M\u00f6hnesee\",\"publisher\":{\"@id\":\"https:\/\/www.haargaerten.de\/ferienwohnung-am-moehnesee\/#organization\"},\"potentialAction\":[{\"@type\":\"SearchAction\",\"target\":{\"@type\":\"EntryPoint\",\"urlTemplate\":\"https:\/\/www.haargaerten.de\/ferienwohnung-am-moehnesee\/?s={search_term_string}\"},\"query-input\":{\"@type\":\"PropertyValueSpecification\",\"valueRequired\":true,\"valueName\":\"search_term_string\"}}],\"inLanguage\":\"de\"},{\"@type\":\"Organization\",\"@id\":\"https:\/\/www.haargaerten.de\/ferienwohnung-am-moehnesee\/#organization\",\"name\":\"Ferienwohnung In den Haarg\u00e4rten am M\u00f6hnesee\",\"url\":\"https:\/\/www.haargaerten.de\/ferienwohnung-am-moehnesee\/\",\"logo\":{\"@type\":\"ImageObject\",\"inLanguage\":\"de\",\"@id\":\"https:\/\/www.haargaerten.de\/ferienwohnung-am-moehnesee\/#\/schema\/logo\/image\/\",\"url\":\"https:\/\/www.haargaerten.de\/wp-content\/uploads\/2019\/03\/Haus.jpg\",\"contentUrl\":\"https:\/\/www.haargaerten.de\/wp-content\/uploads\/2019\/03\/Haus.jpg\",\"width\":472,\"height\":480,\"caption\":\"Ferienwohnung In den Haarg\u00e4rten am M\u00f6hnesee\"},\"image\":{\"@id\":\"https:\/\/www.haargaerten.de\/ferienwohnung-am-moehnesee\/#\/schema\/logo\/image\/\"}}]}<\/script>\n<!-- \/ Yoast SEO plugin. -->","yoast_head_json":{"title":"Impressum - Ferienwohnung In den Haarg\u00e4rten","robots":{"index":"index","follow":"follow","max-snippet":"max-snippet:-1","max-image-preview":"max-image-preview:large","max-video-preview":"max-video-preview:-1"},"canonical":"https:\/\/www.haargaerten.de\/ferienwohnung-am-moehnesee\/impressum\/","og_locale":"de_DE","og_type":"article","og_title":"Impressum - Ferienwohnung In den Haarg\u00e4rten","og_description":"[imprint] Angaben gem\u00e4\u00df \u00a7 5 TMG Feienwohnung &#8222;In den Haarg\u00e4rten&#8220; Sabine Papesch-NackeIn den Haarg\u00e4rten 459519 M\u00f6hnesee Kontakt Telefon: +49 (0) 2924 5884E-Mail: ferienwohnung@hargaerten.de Haftung f\u00fcr Inhalte Als Diensteanbieter sind wir gem\u00e4\u00df \u00a7 7 Abs.1 TMG f\u00fcr eigene Inhalte auf diesen Seiten nach den allgemeinen Gesetzen verantwortlich. Nach \u00a7\u00a7 8 bis 10 TMG sind wir als [&hellip;]","og_url":"https:\/\/www.haargaerten.de\/ferienwohnung-am-moehnesee\/impressum\/","og_site_name":"Ferienwohnung In den Haarg\u00e4rten","article_modified_time":"2022-04-29T07:42:25+00:00","twitter_card":"summary_large_image","twitter_misc":{"Gesch\u00e4tzte Lesezeit":"2\u00a0Minuten"},"schema":{"@context":"https:\/\/schema.org","@graph":[{"@type":"WebPage","@id":"https:\/\/www.haargaerten.de\/ferienwohnung-am-moehnesee\/impressum\/","url":"https:\/\/www.haargaerten.de\/ferienwohnung-am-moehnesee\/impressum\/","name":"Impressum - Ferienwohnung In den Haarg\u00e4rten","isPartOf":{"@id":"https:\/\/www.haargaerten.de\/ferienwohnung-am-moehnesee\/#website"},"datePublished":"2019-03-08T23:12:15+00:00","dateModified":"2022-04-29T07:42:25+00:00","breadcrumb":{"@id":"https:\/\/www.haargaerten.de\/ferienwohnung-am-moehnesee\/impressum\/#breadcrumb"},"inLanguage":"de","potentialAction":[{"@type":"ReadAction","target":["https:\/\/www.haargaerten.de\/ferienwohnung-am-moehnesee\/impressum\/"]}]},{"@type":"BreadcrumbList","@id":"https:\/\/www.haargaerten.de\/ferienwohnung-am-moehnesee\/impressum\/#breadcrumb","itemListElement":[{"@type":"ListItem","position":1,"name":"Startseite","item":"https:\/\/www.haargaerten.de\/ferienwohnung-am-moehnesee\/"},{"@type":"ListItem","position":2,"name":"Impressum"}]},{"@type":"WebSite","@id":"https:\/\/www.haargaerten.de\/ferienwohnung-am-moehnesee\/#website","url":"https:\/\/www.haargaerten.de\/ferienwohnung-am-moehnesee\/","name":"Ferienwohnung In den Haarg\u00e4rten","description":"Ferienwohnung am M\u00f6hnesee","publisher":{"@id":"https:\/\/www.haargaerten.de\/ferienwohnung-am-moehnesee\/#organization"},"potentialAction":[{"@type":"SearchAction","target":{"@type":"EntryPoint","urlTemplate":"https:\/\/www.haargaerten.de\/ferienwohnung-am-moehnesee\/?s={search_term_string}"},"query-input":{"@type":"PropertyValueSpecification","valueRequired":true,"valueName":"search_term_string"}}],"inLanguage":"de"},{"@type":"Organization","@id":"https:\/\/www.haargaerten.de\/ferienwohnung-am-moehnesee\/#organization","name":"Ferienwohnung In den Haarg\u00e4rten am M\u00f6hnesee","url":"https:\/\/www.haargaerten.de\/ferienwohnung-am-moehnesee\/","logo":{"@type":"ImageObject","inLanguage":"de","@id":"https:\/\/www.haargaerten.de\/ferienwohnung-am-moehnesee\/#\/schema\/logo\/image\/","url":"https:\/\/www.haargaerten.de\/wp-content\/uploads\/2019\/03\/Haus.jpg","contentUrl":"https:\/\/www.haargaerten.de\/wp-content\/uploads\/2019\/03\/Haus.jpg","width":472,"height":480,"caption":"Ferienwohnung In den Haarg\u00e4rten am M\u00f6hnesee"},"image":{"@id":"https:\/\/www.haargaerten.de\/ferienwohnung-am-moehnesee\/#\/schema\/logo\/image\/"}}]}},"_links":{"self":[{"href":"https:\/\/www.haargaerten.de\/ferienwohnung-am-moehnesee\/wp-json\/wp\/v2\/pages\/271","targetHints":{"allow":["GET"]}}],"collection":[{"href":"https:\/\/www.haargaerten.de\/ferienwohnung-am-moehnesee\/wp-json\/wp\/v2\/pages"}],"about":[{"href":"https:\/\/www.haargaerten.de\/ferienwohnung-am-moehnesee\/wp-json\/wp\/v2\/types\/page"}],"author":[{"embeddable":true,"href":"https:\/\/www.haargaerten.de\/ferienwohnung-am-moehnesee\/wp-json\/wp\/v2\/users\/3"}],"replies":[{"embeddable":true,"href":"https:\/\/www.haargaerten.de\/ferienwohnung-am-moehnesee\/wp-json\/wp\/v2\/comments?post=271"}],"version-history":[{"count":5,"href":"https:\/\/www.haargaerten.de\/ferienwohnung-am-moehnesee\/wp-json\/wp\/v2\/pages\/271\/revisions"}],"predecessor-version":[{"id":805,"href":"https:\/\/www.haargaerten.de\/ferienwohnung-am-moehnesee\/wp-json\/wp\/v2\/pages\/271\/revisions\/805"}],"wp:attachment":[{"href":"https:\/\/www.haargaerten.de\/ferienwohnung-am-moehnesee\/wp-json\/wp\/v2\/media?parent=271"}],"curies":[{"name":"wp","href":"https:\/\/api.w.org\/{rel}","templated":true}]}}