{"id":76,"date":"2019-02-22T22:54:02","date_gmt":"2019-02-22T22:54:02","guid":{"rendered":"http:\/\/ferienwohnung-moehnesee-nacke.de\/?page_id=76"},"modified":"2025-08-13T11:08:01","modified_gmt":"2025-08-13T09:08:01","slug":"liebe-gaeste","status":"publish","type":"page","link":"https:\/\/www.haargaerten.de\/ferienwohnung-am-moehnesee\/","title":{"rendered":"Ferienwohnung am M\u00f6hnesee"},"content":{"rendered":"\n<p class=\"has-text-align-left\">Unsere Ferienwohnung befindet sich in K\u00f6rbecke, dem gr\u00f6\u00dften Ort der Gemeinde M\u00f6hnesee.<\/p>\n\n\n\n<p class=\"has-text-align-left\">Man hat einen sch\u00f6nen Blick auf den Arnsberger Wald und das M\u00f6hnetal. Au\u00dferdem bestehen gute Einkaufs- und Freizeitm\u00f6glichkeiten. Zum Beispiel liegen ein Supermarkt und ein Discounter nur wenige Gehminuten von der Ferienwohnung entfernt. Dar\u00fcber hinaus ist es zum Ortskern von K\u00f6rbecke ebenfalls nur einige hundert Meter zu gehen.<\/p>\n\n\n<div class=\"wp-block-image\">\n<figure class=\"aligncenter size-large is-resized\"><img loading=\"lazy\" decoding=\"async\" width=\"770\" height=\"1024\" src=\"https:\/\/www.haargaerten.de\/wp-content\/uploads\/2025\/08\/IMG20250613115841-770x1024.jpeg\" alt=\"\" class=\"wp-image-1106\" style=\"width:585px;height:auto\" srcset=\"https:\/\/www.haargaerten.de\/wp-content\/uploads\/2025\/08\/IMG20250613115841-770x1024.jpeg 770w, https:\/\/www.haargaerten.de\/wp-content\/uploads\/2025\/08\/IMG20250613115841-226x300.jpeg 226w, https:\/\/www.haargaerten.de\/wp-content\/uploads\/2025\/08\/IMG20250613115841-768x1021.jpeg 768w, https:\/\/www.haargaerten.de\/wp-content\/uploads\/2025\/08\/IMG20250613115841-1155x1536.jpeg 1155w, https:\/\/www.haargaerten.de\/wp-content\/uploads\/2025\/08\/IMG20250613115841.jpeg 1444w\" sizes=\"auto, (max-width: 770px) 100vw, 770px\" \/><\/figure>\n<\/div>\n\n\n<p class=\"has-text-align-left\">Die Anbindung an den \u00f6ffentlichen Busverkehr ist in K\u00f6rbecke ebenfalls recht gut, kurzum es fahren etwa st\u00fcndlich Busse in die Nachbarorte am M\u00f6hnesee. \u00dcberdies erreicht man die Bushaltestelle in nur f\u00fcnf Gehminuten.<\/p>\n\n\n\n<p class=\"has-text-align-left\">Die Nichtraucherwohnung liegt im Erdgeschoss eines Zweifamilienhauses. Sie ist sehr hell und freundlich und mit 66 qm sch\u00f6n ger\u00e4umig und bietet  mitunter weitaus mehr Wohnkomfort als ein Appartement. <\/p>\n\n\n\n<p class=\"has-text-align-left p { margin-top: 6em }\">\u00dcberdies besteht sie aus einer gem\u00fctlichen <a href=\"#Ferienwohnung am M\u00f6hnesee - Wohnk\u00fcche\">Wohnk\u00fcche.<\/a> Des Weiteren gibt es ein sehr helles <a href=\"#Ferienwohnung am M\u00f6hnesee - Wohnzimmer\">Wohnzimmer<\/a> mit ger\u00e4umigem Balkon, einem gro\u00dfen <a href=\"#Ferienwohnung am M\u00f6hnesee - Schlafzimmer\">Schlafzimmer<\/a>, einem Bad mit Badewanne sowie einem kleinen Abstellraum mit Waschmaschine. Vom Wohnzimmer aus gelangt man auf den gro\u00dfz\u00fcgigen S\u00fcdbalkon mit Blick auf den Arnsberger Wald und auch auf Teile des M\u00f6hnesees.<\/p>\n\n\n\n<p><a name=\"Ferienwohnung am M\u00f6hnesee - Wohnk\u00fcche\"><\/a><\/p>\n\n\n\n<h2 class=\"wp-block-heading\">Ferienwohnung am M\u00f6hnesee &#8211; Wohnk\u00fcche<\/h2>\n\n\n\n<figure class=\"wp-block-gallery has-nested-images columns-default is-cropped wp-block-gallery-1 is-layout-flex wp-block-gallery-is-layout-flex\">\n<figure class=\"wp-block-image size-large\"><img loading=\"lazy\" decoding=\"async\" width=\"1024\" height=\"860\" data-id=\"1086\" src=\"https:\/\/www.haargaerten.de\/wp-content\/uploads\/2025\/08\/IMG-20250730-WA0015-1024x860.jpg\" alt=\"\" class=\"wp-image-1086\" srcset=\"https:\/\/www.haargaerten.de\/wp-content\/uploads\/2025\/08\/IMG-20250730-WA0015-1024x860.jpg 1024w, https:\/\/www.haargaerten.de\/wp-content\/uploads\/2025\/08\/IMG-20250730-WA0015-300x252.jpg 300w, https:\/\/www.haargaerten.de\/wp-content\/uploads\/2025\/08\/IMG-20250730-WA0015-768x645.jpg 768w, https:\/\/www.haargaerten.de\/wp-content\/uploads\/2025\/08\/IMG-20250730-WA0015-1536x1290.jpg 1536w, https:\/\/www.haargaerten.de\/wp-content\/uploads\/2025\/08\/IMG-20250730-WA0015.jpg 1920w\" sizes=\"auto, (max-width: 1024px) 100vw, 1024px\" \/><\/figure>\n<\/figure>\n\n\n\n<p><\/p>\n\n\n\n<p>Dar\u00fcber hinaus hat man aus dem K\u00fcchenfenster eine sch\u00f6ne Aussicht auf das Wameler Becken (Ostteil des Sees). Auch der Stockumer Damm ist zu sehen.<\/p>\n\n\n\n<p>\n\nIn der Wohnk\u00fcche befindet sich eine Einbauk\u00fcche mit K\u00fchlschrank, Gefrierschrank, Herd und Backofen, Mikrowelle, Sp\u00fclmaschine, Kaffeemaschine, Wasserkocher und Toaster. T\u00f6pfe, Geschirr, Gl\u00e4ser und Besteck sind ausreichend vorhanden.\n\n<\/p>\n\n\n\n<a name=\"Ferienwohnung am M\u00f6hnesee - Wohnzimmer\"><\/a>\n\n\n\n<h2 class=\"wp-block-heading\">Ferienwohnung am M\u00f6hnesee &#8211; Wohnzimmer<\/h2>\n\n\n\n<figure class=\"wp-block-image size-large\"><img loading=\"lazy\" decoding=\"async\" width=\"1024\" height=\"891\" src=\"https:\/\/www.haargaerten.de\/wp-content\/uploads\/2025\/08\/IMG-20250730-WA0020-1024x891.jpg\" alt=\"\" class=\"wp-image-1085\" srcset=\"https:\/\/www.haargaerten.de\/wp-content\/uploads\/2025\/08\/IMG-20250730-WA0020-1024x891.jpg 1024w, https:\/\/www.haargaerten.de\/wp-content\/uploads\/2025\/08\/IMG-20250730-WA0020-300x261.jpg 300w, https:\/\/www.haargaerten.de\/wp-content\/uploads\/2025\/08\/IMG-20250730-WA0020-768x668.jpg 768w, https:\/\/www.haargaerten.de\/wp-content\/uploads\/2025\/08\/IMG-20250730-WA0020-1536x1336.jpg 1536w, https:\/\/www.haargaerten.de\/wp-content\/uploads\/2025\/08\/IMG-20250730-WA0020.jpg 1920w\" sizes=\"auto, (max-width: 1024px) 100vw, 1024px\" \/><\/figure>\n\n\n\n<p><\/p>\n\n\n\n<p>Das Wohnzimmer ist mit seinen gro\u00dfen S\u00fcd- und Westfenstern sehr hell und freundlich. \u00dcberdies gelangt man von hier aus auf den Balkon. Hier ist eine sch\u00f6ne Sitzecke, die mit einem Elektrogrill sowie einem Sonnenschirm ausgestattet ist.<\/p>\n\n\n\n<p>In der Unterkunft befindet sich ein Flachbildfernseher und die Couch kann zu einem Doppelbett umgebaut werden.<\/p>\n\n\n\n<p><a name=\"Ferienwohnung am M\u00f6hnesee - Schlafzimmer\"><\/a><\/p>\n\n\n\n<h2 class=\"wp-block-heading\">Ferienwohnung am M\u00f6hnesee &#8211; Schlafzimmer<\/h2>\n\n\n\n<figure class=\"wp-block-gallery has-nested-images columns-default is-cropped wp-block-gallery-2 is-layout-flex wp-block-gallery-is-layout-flex\">\n<figure class=\"wp-block-image size-large is-style-default\"><img loading=\"lazy\" decoding=\"async\" width=\"1024\" height=\"1004\" data-id=\"1092\" src=\"https:\/\/www.haargaerten.de\/wp-content\/uploads\/2025\/08\/IMG-20250730-WA0013-1024x1004.jpg\" alt=\"\" class=\"wp-image-1092\" srcset=\"https:\/\/www.haargaerten.de\/wp-content\/uploads\/2025\/08\/IMG-20250730-WA0013-1024x1004.jpg 1024w, https:\/\/www.haargaerten.de\/wp-content\/uploads\/2025\/08\/IMG-20250730-WA0013-300x294.jpg 300w, https:\/\/www.haargaerten.de\/wp-content\/uploads\/2025\/08\/IMG-20250730-WA0013-768x753.jpg 768w, https:\/\/www.haargaerten.de\/wp-content\/uploads\/2025\/08\/IMG-20250730-WA0013-1536x1506.jpg 1536w, https:\/\/www.haargaerten.de\/wp-content\/uploads\/2025\/08\/IMG-20250730-WA0013.jpg 1920w\" sizes=\"auto, (max-width: 1024px) 100vw, 1024px\" \/><\/figure>\n<\/figure>\n\n\n\n<p><\/p>\n\n\n\n<p> Das Schlafzimmer der Ferienwohnung verf\u00fcgt \u00fcber ein zwei mal zwei Meter gro\u00dfes Doppelbett. Au\u00dferdem gibt es einem ger\u00e4umigen Kleiderschrank.<\/p>\n\n\n\n<p>Hier geht es zum <a href=\"https:\/\/www.haargaerten.de\/ferienwohnung-am-moehnesee\/belegungsplan\/\">Belegungskalender <\/a> . <\/p>\n\n\n\n<p>Buchen sie sich eine sch\u00f6ne Zeit in unserer Ferienwohnung am M\u00f6hnesee.<\/p>\n\n\n\n<p><a href=\"https:\/\/www.moehnesee.de\/touristikstart\/veranstaltungstipps\/\" target=\"_blank\" rel=\"noreferrer noopener\" aria-label=\" (\u00f6ffnet in neuem Tab)\">Veranstaltungstipps der Touristikinfo am M\u00f6hnesee<\/a><\/p>\n","protected":false},"excerpt":{"rendered":"<p>Unsere Ferienwohnung befindet sich in K\u00f6rbecke, dem gr\u00f6\u00dften Ort der Gemeinde M\u00f6hnesee. Man hat einen sch\u00f6nen Blick auf den Arnsberger Wald und das M\u00f6hnetal. Au\u00dferdem bestehen gute Einkaufs- und Freizeitm\u00f6glichkeiten. Zum Beispiel liegen ein Supermarkt und ein Discounter nur wenige Gehminuten von der Ferienwohnung entfernt. Dar\u00fcber hinaus ist es zum Ortskern von K\u00f6rbecke ebenfalls nur [&hellip;]<\/p>\n","protected":false},"author":3,"featured_media":7,"parent":0,"menu_order":0,"comment_status":"closed","ping_status":"closed","template":"","meta":{"footnotes":""},"class_list":["post-76","page","type-page","status-publish","has-post-thumbnail","hentry"],"yoast_head":"<!-- This site is optimized with the Yoast SEO plugin v24.9 - https:\/\/yoast.com\/wordpress\/plugins\/seo\/ -->\n<title>Ferienwohnung am M\u00f6hnesee - Ferienwohnung In den Haarg\u00e4rten<\/title>\n<meta name=\"description\" content=\"Wundersch\u00f6ne Ferienwohnung am M\u00f6hnesee. Gro\u00dfz\u00fcgig, hell und ger\u00e4umig. Urlauber ,Wanderer, Segler, Biker und Angler sind bei uns genau richtig.\" \/>\n<meta name=\"robots\" content=\"index, follow, max-snippet:-1, max-image-preview:large, max-video-preview:-1\" \/>\n<link rel=\"canonical\" href=\"https:\/\/www.haargaerten.de\/ferienwohnung-am-moehnesee\/\" \/>\n<meta property=\"og:locale\" content=\"de_DE\" \/>\n<meta property=\"og:type\" content=\"article\" \/>\n<meta property=\"og:title\" content=\"Ferienwohnung am M\u00f6hnesee - Ferienwohnung In den Haarg\u00e4rten\" \/>\n<meta property=\"og:description\" content=\"Wundersch\u00f6ne Ferienwohnung am M\u00f6hnesee. Gro\u00dfz\u00fcgig, hell und ger\u00e4umig. Urlauber ,Wanderer, Segler, Biker und Angler sind bei uns genau richtig.\" \/>\n<meta property=\"og:url\" content=\"https:\/\/www.haargaerten.de\/ferienwohnung-am-moehnesee\/\" \/>\n<meta property=\"og:site_name\" content=\"Ferienwohnung In den Haarg\u00e4rten\" \/>\n<meta property=\"article:modified_time\" content=\"2025-08-13T09:08:01+00:00\" \/>\n<meta property=\"og:image\" content=\"https:\/\/www.haargaerten.de\/wp-content\/uploads\/2019\/03\/Haus.jpg\" \/>\n\t<meta property=\"og:image:width\" content=\"472\" \/>\n\t<meta property=\"og:image:height\" content=\"480\" \/>\n\t<meta property=\"og:image:type\" content=\"image\/jpeg\" \/>\n<meta name=\"twitter:card\" content=\"summary_large_image\" \/>\n<meta name=\"twitter:label1\" content=\"Gesch\u00e4tzte Lesezeit\" \/>\n\t<meta name=\"twitter:data1\" content=\"3\u00a0Minuten\" \/>\n<script type=\"application\/ld+json\" class=\"yoast-schema-graph\">{\"@context\":\"https:\/\/schema.org\",\"@graph\":[{\"@type\":\"WebPage\",\"@id\":\"https:\/\/www.haargaerten.de\/ferienwohnung-am-moehnesee\/\",\"url\":\"https:\/\/www.haargaerten.de\/ferienwohnung-am-moehnesee\/\",\"name\":\"Ferienwohnung am M\u00f6hnesee - Ferienwohnung In den Haarg\u00e4rten\",\"isPartOf\":{\"@id\":\"https:\/\/www.haargaerten.de\/ferienwohnung-am-moehnesee\/#website\"},\"primaryImageOfPage\":{\"@id\":\"https:\/\/www.haargaerten.de\/ferienwohnung-am-moehnesee\/#primaryimage\"},\"image\":{\"@id\":\"https:\/\/www.haargaerten.de\/ferienwohnung-am-moehnesee\/#primaryimage\"},\"thumbnailUrl\":\"https:\/\/www.haargaerten.de\/wp-content\/uploads\/2019\/03\/Haus.jpg\",\"datePublished\":\"2019-02-22T22:54:02+00:00\",\"dateModified\":\"2025-08-13T09:08:01+00:00\",\"description\":\"Wundersch\u00f6ne Ferienwohnung am M\u00f6hnesee. Gro\u00dfz\u00fcgig, hell und ger\u00e4umig. Urlauber ,Wanderer, Segler, Biker und Angler sind bei uns genau richtig.\",\"breadcrumb\":{\"@id\":\"https:\/\/www.haargaerten.de\/ferienwohnung-am-moehnesee\/#breadcrumb\"},\"inLanguage\":\"de\",\"potentialAction\":[{\"@type\":\"ReadAction\",\"target\":[\"https:\/\/www.haargaerten.de\/ferienwohnung-am-moehnesee\/\"]}]},{\"@type\":\"ImageObject\",\"inLanguage\":\"de\",\"@id\":\"https:\/\/www.haargaerten.de\/ferienwohnung-am-moehnesee\/#primaryimage\",\"url\":\"https:\/\/www.haargaerten.de\/wp-content\/uploads\/2019\/03\/Haus.jpg\",\"contentUrl\":\"https:\/\/www.haargaerten.de\/wp-content\/uploads\/2019\/03\/Haus.jpg\",\"width\":472,\"height\":480},{\"@type\":\"BreadcrumbList\",\"@id\":\"https:\/\/www.haargaerten.de\/ferienwohnung-am-moehnesee\/#breadcrumb\",\"itemListElement\":[{\"@type\":\"ListItem\",\"position\":1,\"name\":\"Startseite\",\"item\":\"https:\/\/www.haargaerten.de\/ferienwohnung-am-moehnesee\/\"},{\"@type\":\"ListItem\",\"position\":2,\"name\":\"Ferienwohnung am M\u00f6hnesee\"}]},{\"@type\":\"WebSite\",\"@id\":\"https:\/\/www.haargaerten.de\/ferienwohnung-am-moehnesee\/#website\",\"url\":\"https:\/\/www.haargaerten.de\/ferienwohnung-am-moehnesee\/\",\"name\":\"Ferienwohnung In den Haarg\u00e4rten\",\"description\":\"Ferienwohnung am M\u00f6hnesee\",\"publisher\":{\"@id\":\"https:\/\/www.haargaerten.de\/ferienwohnung-am-moehnesee\/#organization\"},\"potentialAction\":[{\"@type\":\"SearchAction\",\"target\":{\"@type\":\"EntryPoint\",\"urlTemplate\":\"https:\/\/www.haargaerten.de\/ferienwohnung-am-moehnesee\/?s={search_term_string}\"},\"query-input\":{\"@type\":\"PropertyValueSpecification\",\"valueRequired\":true,\"valueName\":\"search_term_string\"}}],\"inLanguage\":\"de\"},{\"@type\":\"Organization\",\"@id\":\"https:\/\/www.haargaerten.de\/ferienwohnung-am-moehnesee\/#organization\",\"name\":\"Ferienwohnung In den Haarg\u00e4rten am M\u00f6hnesee\",\"url\":\"https:\/\/www.haargaerten.de\/ferienwohnung-am-moehnesee\/\",\"logo\":{\"@type\":\"ImageObject\",\"inLanguage\":\"de\",\"@id\":\"https:\/\/www.haargaerten.de\/ferienwohnung-am-moehnesee\/#\/schema\/logo\/image\/\",\"url\":\"https:\/\/www.haargaerten.de\/wp-content\/uploads\/2019\/03\/Haus.jpg\",\"contentUrl\":\"https:\/\/www.haargaerten.de\/wp-content\/uploads\/2019\/03\/Haus.jpg\",\"width\":472,\"height\":480,\"caption\":\"Ferienwohnung In den Haarg\u00e4rten am M\u00f6hnesee\"},\"image\":{\"@id\":\"https:\/\/www.haargaerten.de\/ferienwohnung-am-moehnesee\/#\/schema\/logo\/image\/\"}}]}<\/script>\n<!-- \/ Yoast SEO plugin. -->","yoast_head_json":{"title":"Ferienwohnung am M\u00f6hnesee - Ferienwohnung In den Haarg\u00e4rten","description":"Wundersch\u00f6ne Ferienwohnung am M\u00f6hnesee. Gro\u00dfz\u00fcgig, hell und ger\u00e4umig. Urlauber ,Wanderer, Segler, Biker und Angler sind bei uns genau richtig.","robots":{"index":"index","follow":"follow","max-snippet":"max-snippet:-1","max-image-preview":"max-image-preview:large","max-video-preview":"max-video-preview:-1"},"canonical":"https:\/\/www.haargaerten.de\/ferienwohnung-am-moehnesee\/","og_locale":"de_DE","og_type":"article","og_title":"Ferienwohnung am M\u00f6hnesee - Ferienwohnung In den Haarg\u00e4rten","og_description":"Wundersch\u00f6ne Ferienwohnung am M\u00f6hnesee. Gro\u00dfz\u00fcgig, hell und ger\u00e4umig. Urlauber ,Wanderer, Segler, Biker und Angler sind bei uns genau richtig.","og_url":"https:\/\/www.haargaerten.de\/ferienwohnung-am-moehnesee\/","og_site_name":"Ferienwohnung In den Haarg\u00e4rten","article_modified_time":"2025-08-13T09:08:01+00:00","og_image":[{"width":472,"height":480,"url":"https:\/\/www.haargaerten.de\/wp-content\/uploads\/2019\/03\/Haus.jpg","type":"image\/jpeg"}],"twitter_card":"summary_large_image","twitter_misc":{"Gesch\u00e4tzte Lesezeit":"3\u00a0Minuten"},"schema":{"@context":"https:\/\/schema.org","@graph":[{"@type":"WebPage","@id":"https:\/\/www.haargaerten.de\/ferienwohnung-am-moehnesee\/","url":"https:\/\/www.haargaerten.de\/ferienwohnung-am-moehnesee\/","name":"Ferienwohnung am M\u00f6hnesee - Ferienwohnung In den Haarg\u00e4rten","isPartOf":{"@id":"https:\/\/www.haargaerten.de\/ferienwohnung-am-moehnesee\/#website"},"primaryImageOfPage":{"@id":"https:\/\/www.haargaerten.de\/ferienwohnung-am-moehnesee\/#primaryimage"},"image":{"@id":"https:\/\/www.haargaerten.de\/ferienwohnung-am-moehnesee\/#primaryimage"},"thumbnailUrl":"https:\/\/www.haargaerten.de\/wp-content\/uploads\/2019\/03\/Haus.jpg","datePublished":"2019-02-22T22:54:02+00:00","dateModified":"2025-08-13T09:08:01+00:00","description":"Wundersch\u00f6ne Ferienwohnung am M\u00f6hnesee. Gro\u00dfz\u00fcgig, hell und ger\u00e4umig. Urlauber ,Wanderer, Segler, Biker und Angler sind bei uns genau richtig.","breadcrumb":{"@id":"https:\/\/www.haargaerten.de\/ferienwohnung-am-moehnesee\/#breadcrumb"},"inLanguage":"de","potentialAction":[{"@type":"ReadAction","target":["https:\/\/www.haargaerten.de\/ferienwohnung-am-moehnesee\/"]}]},{"@type":"ImageObject","inLanguage":"de","@id":"https:\/\/www.haargaerten.de\/ferienwohnung-am-moehnesee\/#primaryimage","url":"https:\/\/www.haargaerten.de\/wp-content\/uploads\/2019\/03\/Haus.jpg","contentUrl":"https:\/\/www.haargaerten.de\/wp-content\/uploads\/2019\/03\/Haus.jpg","width":472,"height":480},{"@type":"BreadcrumbList","@id":"https:\/\/www.haargaerten.de\/ferienwohnung-am-moehnesee\/#breadcrumb","itemListElement":[{"@type":"ListItem","position":1,"name":"Startseite","item":"https:\/\/www.haargaerten.de\/ferienwohnung-am-moehnesee\/"},{"@type":"ListItem","position":2,"name":"Ferienwohnung am M\u00f6hnesee"}]},{"@type":"WebSite","@id":"https:\/\/www.haargaerten.de\/ferienwohnung-am-moehnesee\/#website","url":"https:\/\/www.haargaerten.de\/ferienwohnung-am-moehnesee\/","name":"Ferienwohnung In den Haarg\u00e4rten","description":"Ferienwohnung am M\u00f6hnesee","publisher":{"@id":"https:\/\/www.haargaerten.de\/ferienwohnung-am-moehnesee\/#organization"},"potentialAction":[{"@type":"SearchAction","target":{"@type":"EntryPoint","urlTemplate":"https:\/\/www.haargaerten.de\/ferienwohnung-am-moehnesee\/?s={search_term_string}"},"query-input":{"@type":"PropertyValueSpecification","valueRequired":true,"valueName":"search_term_string"}}],"inLanguage":"de"},{"@type":"Organization","@id":"https:\/\/www.haargaerten.de\/ferienwohnung-am-moehnesee\/#organization","name":"Ferienwohnung In den Haarg\u00e4rten am M\u00f6hnesee","url":"https:\/\/www.haargaerten.de\/ferienwohnung-am-moehnesee\/","logo":{"@type":"ImageObject","inLanguage":"de","@id":"https:\/\/www.haargaerten.de\/ferienwohnung-am-moehnesee\/#\/schema\/logo\/image\/","url":"https:\/\/www.haargaerten.de\/wp-content\/uploads\/2019\/03\/Haus.jpg","contentUrl":"https:\/\/www.haargaerten.de\/wp-content\/uploads\/2019\/03\/Haus.jpg","width":472,"height":480,"caption":"Ferienwohnung In den Haarg\u00e4rten am M\u00f6hnesee"},"image":{"@id":"https:\/\/www.haargaerten.de\/ferienwohnung-am-moehnesee\/#\/schema\/logo\/image\/"}}]}},"_links":{"self":[{"href":"https:\/\/www.haargaerten.de\/ferienwohnung-am-moehnesee\/wp-json\/wp\/v2\/pages\/76","targetHints":{"allow":["GET"]}}],"collection":[{"href":"https:\/\/www.haargaerten.de\/ferienwohnung-am-moehnesee\/wp-json\/wp\/v2\/pages"}],"about":[{"href":"https:\/\/www.haargaerten.de\/ferienwohnung-am-moehnesee\/wp-json\/wp\/v2\/types\/page"}],"author":[{"embeddable":true,"href":"https:\/\/www.haargaerten.de\/ferienwohnung-am-moehnesee\/wp-json\/wp\/v2\/users\/3"}],"replies":[{"embeddable":true,"href":"https:\/\/www.haargaerten.de\/ferienwohnung-am-moehnesee\/wp-json\/wp\/v2\/comments?post=76"}],"version-history":[{"count":70,"href":"https:\/\/www.haargaerten.de\/ferienwohnung-am-moehnesee\/wp-json\/wp\/v2\/pages\/76\/revisions"}],"predecessor-version":[{"id":1110,"href":"https:\/\/www.haargaerten.de\/ferienwohnung-am-moehnesee\/wp-json\/wp\/v2\/pages\/76\/revisions\/1110"}],"wp:featuredmedia":[{"embeddable":true,"href":"https:\/\/www.haargaerten.de\/ferienwohnung-am-moehnesee\/wp-json\/wp\/v2\/media\/7"}],"wp:attachment":[{"href":"https:\/\/www.haargaerten.de\/ferienwohnung-am-moehnesee\/wp-json\/wp\/v2\/media?parent=76"}],"curies":[{"name":"wp","href":"https:\/\/api.w.org\/{rel}","templated":true}]}}